{"id":739,"date":"2018-10-24T13:22:11","date_gmt":"2018-10-24T11:22:11","guid":{"rendered":"http:\/\/www.hgpowerglue.nl\/klantenservice\/"},"modified":"2019-04-10T10:50:31","modified_gmt":"2019-04-10T08:50:31","slug":"klantenservice","status":"publish","type":"page","link":"https:\/\/www.hgpowerglue.nl\/de\/klantenservice\/","title":{"rendered":"Kundendienst"},"content":{"rendered":"<section  class='av_textblock_section av-jpcqh2n2-1a71b12e95d015adb12f8afcf72d2bf7 '   itemscope=\"itemscope\" itemtype=\"https:\/\/schema.org\/CreativeWork\" ><div class='avia_textblock'  itemprop=\"text\" ><h3>Zahlung und Liefrung<\/h3>\n<p>Wenn Sie \u00fcber unsere Website Produkte bestellt und bezahlt haben, werden wir Ihre Bestellung innerhalb 24 Stunden bearbeiten (an Arbeitstagen).<br \/>\nWir bem\u00fchen uns Ihre Bestellung wenn am Arbeitstag vor 15.00 Uhr bestellt, den n\u00e4chsten Tag zu liefern. (In diesen Fall sind wir auf Paketdienste angewiesen). Wenn wir Track &amp; Trace verwenden, werden wir Sie per E-Mail benachrichten damit Sie Ihre Paket online verfolgen k\u00f6nnen.<\/p>\n<h3>Retouren<\/h3>\n<p>Gerne m\u00f6chten wir Sie auf die Bedienungsanleitung unserer Produkten auf unserer Website verweisen. Wenn Sie trotz dieser Anweisungen immer noch eine Beschwerde haben, bitten wir Sie, uns dies unter\u00a0<a href=\"mailto:info@hgpowerglue.nl\">info@hgpowerglue.nl<\/a>\u00a0mitzuteilen.<\/p>\n<p>Bitte geben Sie in dieser E-Mail folgende Informationen an:<\/p>\n<p>Ihre Adresse<br \/>\nIhre Telefonnummer<br \/>\nRechnungsnummer<br \/>\nArtikelnummer<br \/>\nGrund der retour<\/p>\n<p>Wir werden Sie per E-Mail dar\u00fcber informieren ob wir mit\u00a0 Ihre Beschwerde einverstanden sind und dann k\u00f6nnen Sie das Produkt zur\u00fcck schicken. (die Versandkosten beziehen sich auf Ihre Konto)<\/p>\n<h3>Garantie<\/h3>\n<p>Wir geben unser Bestes, um Ihnen unsere Artikel in gutem Zustand zu liefern. Es kann jedoch vorkommen, dass\u00a0 w\u00e4hrend des Transports etwas schief geht oder dass es einen anderen Grund gibt, aus dem Sie eine Garantie in Anspruch nehmen k\u00f6nnen. Wir bitten Sie, uns dies innerhalb von 14 Tagen nach Entdeckung des Mangels zu melden. Sie k\u00f6nnen dies \u00fcber info@hgpowerglue.nl tun. F\u00e4llt der Mangel in die Garantie, ersetzen wir ihn kostenlos.<\/p>\n<h3>Brauchen Sie Hilfe oder Rat?<\/h3>\n<div class=\"frame\">\n<div class=\"page tlid-homepage homepage translate-text\">\n<div class=\"homepage-content-wrap\">\n<div class=\"tlid-source-target main-header small-font\">\n<div class=\"source-target-row\">\n<div class=\"tlid-results-container results-container\">\n<div class=\"tlid-result result-dict-wrapper\">\n<div class=\"result tlid-copy-target\">\n<div class=\"text-wrap tlid-copy-target\">\n<div class=\"result-shield-container tlid-copy-target\"><span class=\"tlid-translation translation\"><span title=\"\">Wenn Sie Hilfe oder Beratung zu unseren Produkten ben\u00f6tigen, wenden Sie sich bitte an uns unter Tel. 0031 85 016 11 22 oder per E-Mail <a href=\"mailto:info@hgpowerglue.nl\">info@hgpowerglue.nl<\/a><\/span><\/span><\/div>\n<\/div>\n<\/div>\n<\/div>\n<\/div>\n<\/div>\n<\/div>\n<\/div>\n<\/div>\n<\/div>\n<\/div><\/section>\n","protected":false},"excerpt":{"rendered":"","protected":false},"author":3,"featured_media":0,"parent":0,"menu_order":0,"comment_status":"closed","ping_status":"closed","template":"","meta":{"_monsterinsights_skip_tracking":false,"_monsterinsights_sitenote_active":false,"_monsterinsights_sitenote_note":"","_monsterinsights_sitenote_category":0,"footnotes":""},"class_list":["post-739","page","type-page","status-publish","hentry"],"_links":{"self":[{"href":"https:\/\/www.hgpowerglue.nl\/de\/wp-json\/wp\/v2\/pages\/739","targetHints":{"allow":["GET"]}}],"collection":[{"href":"https:\/\/www.hgpowerglue.nl\/de\/wp-json\/wp\/v2\/pages"}],"about":[{"href":"https:\/\/www.hgpowerglue.nl\/de\/wp-json\/wp\/v2\/types\/page"}],"author":[{"embeddable":true,"href":"https:\/\/www.hgpowerglue.nl\/de\/wp-json\/wp\/v2\/users\/3"}],"replies":[{"embeddable":true,"href":"https:\/\/www.hgpowerglue.nl\/de\/wp-json\/wp\/v2\/comments?post=739"}],"version-history":[{"count":4,"href":"https:\/\/www.hgpowerglue.nl\/de\/wp-json\/wp\/v2\/pages\/739\/revisions"}],"predecessor-version":[{"id":812,"href":"https:\/\/www.hgpowerglue.nl\/de\/wp-json\/wp\/v2\/pages\/739\/revisions\/812"}],"wp:attachment":[{"href":"https:\/\/www.hgpowerglue.nl\/de\/wp-json\/wp\/v2\/media?parent=739"}],"curies":[{"name":"wp","href":"https:\/\/api.w.org\/{rel}","templated":true}]}}