{"id":471,"date":"2018-10-03T10:14:16","date_gmt":"2018-10-03T08:14:16","guid":{"rendered":"https:\/\/www.hgpowerglue.nl\/product\/hg-powerglue-duo-pack\/"},"modified":"2019-08-27T10:46:58","modified_gmt":"2019-08-27T08:46:58","slug":"hg-powerglue-duo-pack","status":"publish","type":"product","link":"https:\/\/www.hgpowerglue.nl\/de\/produkt\/hg-powerglue-duo-pack\/","title":{"rendered":"SCHWEISSNAHT AUS DER FLASCHE Mini 5g+10g"},"content":{"rendered":"<p>Inhalt: 1 x Industrieklebstoff 5g, 1 x Granulat 10g<\/p>\n<h4>DIE ANWENDUNG DES KLEBSTOFF-REPARATURSETS<\/h4>\n<p>1. REINIGEN DER OBERFL\u00c4CHEN<\/p>\n<p>Die Schwei\u00dfnaht aus der Flasche kann ihre volle Klebekraft nur dann entfalten, wenn die Bruchstelle entsprechend vorbereitet wird. Idealerweise raut man die Oberfl\u00e4che mit Schleifpapier oder Drahtb\u00fcrste etwas auf und reinigt sie von jeglichen Verschmutzungen. Es d\u00fcrfen sich keine Staub-, Rost-, Fett- oder Klebstoffreste finden und die Klebefl\u00e4che muss vollkommen trocken sein. Erst dann k\u00f6nnen hohe Haftwerte garantiert werden.<\/p>\n<p>2. GRANULAT AUFRIESELN<\/p>\n<p>Anschlie\u00dfend werden die zu klebenden Objekte exakt an der Bruchstelle zusammengef\u00fcgt und eine feine Granulatschicht aufgetragen. Die Pulverh\u00f6he darf nicht mehr als 2mm betragen. Ehe man den Industrieklebstoff hinzuf\u00fcgt, tritt keinerlei chemische Reaktion auf.<\/p>\n<p>3. INDUSTRIEKLEBSTOFF AUFTRAGEN<\/p>\n<p>Nun wird der Industriekleber HG-Extreme 1.0 aus der zweiten Flasche vorsichtig auf das Granulat getropft, bis s\u00e4mtliches Granulat in Kleber getr\u00e4nkt ist. Sobald die beiden Komponenten in Kontakt treten, kommt es zur chemischen Reaktion und Hitze entsteht. Wir empfehlen immer beide Seiten der Bruchstelle mit einer Schwei\u00dfnaht zu versehen, f\u00fcr maximalen Halt. Je \u00f6fter der Klebevorgang wiederholt wird, desto stabiler wird die Verbindung.<\/p>\n<p>4. VERBINDUNG AUSH\u00c4RTEN LASSEN<\/p>\n<p>Schon nach wenigen Sekunden erreicht die Schwei\u00dfnaht aus der Flasche ihre vollst\u00e4ndige Klebekraft. Dann, wenn die chemische Reaktion zu Ende ist, kann die Naht umgehend geschliffen, gebohrt oder gar lackiert werden. Je nach Materialien kann die Endfestigkeit der Bruchstelle variieren.<\/p>\n","protected":false},"excerpt":{"rendered":"<p>Artikelnummer: 200510<\/p>\n<p>Geeignet f\u00fcr fast alle Materialien<\/p>\n<p>Unser Klebstoffreparaturset wird aus gutem Grund die Schwei\u00dfnaht aus der Flasche genannt. Die einzigartige Mixtur aus Granulat und Industrieklebstoff ist um ein Vielfaches effizienter als herk\u00f6mmliche Klebstoffe und verschwei\u00dft Bruchstellen, Risse, Spr\u00fcnge und f\u00fcllt L\u00f6cher und Spalten wie kein Klebstoff zuvor. Unser Klebstoff-Reparaturset eignet sich f\u00fcr fast alle Materialien und ist mit der richtigen Vorbehandlung extrem belastbar. Die Schwei\u00dfnaht ist witterungsbest\u00e4ndig, k\u00e4lte- sowie hitzebest\u00e4ndig und dar\u00fcber hinaus wasserfest.<\/p>\n<p><strong>Zwei Komponenten f\u00fcr maximalen halt<\/strong><\/p>\n<p>Die Schwei\u00dfnaht aus der Flasche wird in zwei Fl\u00e4schchen geliefert. Eine enth\u00e4lt den extrem starken Industrieklebstoff HG-Extreme 1.0, die andere das speziell abgestimmte Granulat. Erst die Kombination der beiden Komponenten f\u00fchrt zu einer chemischen Reaktion, die eine unbeschreibliche Klebekraft entfesselt. Mithilfe des Granulats lassen sich auch abgebrochene Halterungen oder Gewinde wieder nachmodellieren und sogar schleifen.<\/p>\n<p>[av_font_icon icon='ue812' font='entypo-fontello' style='' caption='' link='' linktarget='' size='24px' position='left' color='#e30613' av_uid='av-8ujr' admin_preview_bg=''][\/av_font_icon] Geh\u00f6rt in jeden Firmenbus<\/p>\n<p>[av_font_icon icon='ue812' font='entypo-fontello' style='' caption='' link='' linktarget='' size='24px' position='left' color='#e30613' av_uid='av-8ujr' admin_preview_bg=''][\/av_font_icon] Ein Heimwerker kann nicht ohne<\/p>\n<p>[av_font_icon icon='ue812' font='entypo-fontello' style='' caption='' link='' linktarget='' size='24px' position='left' color='#e30613' av_uid='av-8ujr' admin_preview_bg=''][\/av_font_icon] Schweissen ohne Schweissger\u00e4t<\/p>\n<p>[av_font_icon icon='ue812' font='entypo-fontello' style='' caption='' link='' linktarget='' size='24px' position='left' color='#e30613' av_uid='av-8ujr' admin_preview_bg=''][\/av_font_icon] Kann bis zu 2 Jahre nach den \u00d6ffnen verwendet werden<\/p>\n","protected":false},"featured_media":2702,"template":"","meta":{"_monsterinsights_skip_tracking":false,"_monsterinsights_sitenote_active":false,"_monsterinsights_sitenote_note":"","_monsterinsights_sitenote_category":0},"product_brand":[],"product_cat":[33],"product_tag":[],"class_list":{"0":"post-471","1":"product","2":"type-product","3":"status-publish","4":"has-post-thumbnail","6":"product_cat-algemeen-de","8":"first","9":"instock","10":"taxable","11":"shipping-taxable","12":"purchasable","13":"product-type-simple"},"_links":{"self":[{"href":"https:\/\/www.hgpowerglue.nl\/de\/wp-json\/wp\/v2\/product\/471","targetHints":{"allow":["GET"]}}],"collection":[{"href":"https:\/\/www.hgpowerglue.nl\/de\/wp-json\/wp\/v2\/product"}],"about":[{"href":"https:\/\/www.hgpowerglue.nl\/de\/wp-json\/wp\/v2\/types\/product"}],"wp:featuredmedia":[{"embeddable":true,"href":"https:\/\/www.hgpowerglue.nl\/de\/wp-json\/wp\/v2\/media\/2702"}],"wp:attachment":[{"href":"https:\/\/www.hgpowerglue.nl\/de\/wp-json\/wp\/v2\/media?parent=471"}],"wp:term":[{"taxonomy":"product_brand","embeddable":true,"href":"https:\/\/www.hgpowerglue.nl\/de\/wp-json\/wp\/v2\/product_brand?post=471"},{"taxonomy":"product_cat","embeddable":true,"href":"https:\/\/www.hgpowerglue.nl\/de\/wp-json\/wp\/v2\/product_cat?post=471"},{"taxonomy":"product_tag","embeddable":true,"href":"https:\/\/www.hgpowerglue.nl\/de\/wp-json\/wp\/v2\/product_tag?post=471"}],"curies":[{"name":"wp","href":"https:\/\/api.w.org\/{rel}","templated":true}]}}