{"id":484,"date":"2018-10-17T16:13:08","date_gmt":"2018-10-17T14:13:08","guid":{"rendered":"https:\/\/www.hgpowerglue.nl\/product\/hg-powerglue-epoxy-stick\/"},"modified":"2019-07-31T16:44:45","modified_gmt":"2019-07-31T14:44:45","slug":"hg-powerglue-epoxy-stick","status":"publish","type":"product","link":"https:\/\/www.hgpowerglue.nl\/de\/produkt\/hg-powerglue-epoxy-stick\/","title":{"rendered":"HG Power Glue epoxy stick 56g"},"content":{"rendered":"<p>Inhalt: Epoxy Stick 56g<\/p>\n<h4>ANWENDUNG DES EPOXY STICKS<\/h4>\n<p>1. OBERFL\u00c4CHEN REINIGEN<\/p>\n<p>F\u00fcr maximale Haftwerte ist es n\u00f6tig die zu klebende Oberfl\u00e4che vor der Bearbeitung gr\u00fcndlich zu reinigen. Dazu eignet sich der HG-Cleaner.<\/p>\n<p>2. FOLIE ABZIEHEN<\/p>\n<p>Jeder Epoxy Stick ist in eine Schutzfolie eingewickelt. Bevor die Knetmasse bearbeitet wird, muss die Schutzfolie r\u00fcckstandslos entfernt werden.<\/p>\n<p>3. ST\u00dcCK ABSCHNEIDEN<\/p>\n<p>Je nach Anforderung wird anschlie\u00dfend mit einem scharfen Messer die ben\u00f6tigte Masse abgetrennt.<\/p>\n<p>4. KITTMASSE KNETEN<\/p>\n<p>Damit sich die Inhaltsstoffe richtig vermischen und eine Polymerverbindung eingehen, wird die abgeschnittene Reparaturkittmasse manuell geknetet. Zur Verarbeitung raten wir Handschuhe zu tragen. Wenn das Material sich erw\u00e4rmt und eine gleichm\u00e4\u00dfige Farbe erlangt, bleiben ca. 3-4 Minuten zur Verarbeitung des Epoxids.<\/p>\n<p>5. AUSBESSERN, REPARIEREN, ABDICHTEN<\/p>\n<p>Je nach Anwendung wird die geknetete Epoxidmasse dann aufgetragen, um L\u00f6cher zu stopfen, abzudichten oder kaputte Objekte zusammenzukleben.<\/p>\n<p>6 AUSH\u00c4RTEN UND BEARBEITEN<\/p>\n<p>Wie jeder Klebstoff, ben\u00f6tigt auch die Epoxid-Klebemasse ein wenig Zeit zum Aush\u00e4rten. Danach l\u00e4sst sich das Material zurechtschleifen, anbohren und anschlie\u00dfend lackieren.<\/p>\n<p>&nbsp;<\/p>\n","protected":false},"excerpt":{"rendered":"<p>Artikelnummer: ESU056<\/p>\n<p>HG-Epoxy Stick f\u00fcr schnelle &amp; einfache Reparaturen<\/p>\n<p>Der Epoxy Stick ist leicht zu verarbeitender Reparaturkitt, der manuell leicht geformt und geknetet werden kann. Dadurch ist er universell einsetzbar und eignet sich hervorragend f\u00fcr dauerhafte Reparaturen und Montagen. Die durch das Kneten entstehende Polymerverbindung ist von industrieller St\u00e4rke und gl\u00e4nzt durch seine einfache und schnelle Anwendung.<\/p>\n<p>Der Allesk\u00f6nner aus Epoxid<\/p>\n<p>Geeignet ist der Epoxy Stick f\u00fcr Ausbesserungsarbeiten und zum Reparieren verschiedenster Produkte. Selbst f\u00fcr das Befestigen, Verbinden oder Verkleben von Glasfaser, Metall, Holz, Beton, Glas oder Keramik ist der Stick aus Epoxid die richtige Wahl. Beeindruckend ist die Best\u00e4ndigkeit des Reparaturkitts. So ist der Epoxy Stick die ideale Masse zum Abdichten, da er auch auf nassen Oberfl\u00e4chen oder sogar unter Wasser bombenfest h\u00e4lt. Auch \u00d6l, Benzin und diverse Chemikalien k\u00f6nnen dem Epoxid Stick nichts anhaben. Nach dem Aush\u00e4rten des Epoxidmaterials, l\u00e4sst es sich sehr gut nachbearbeiten (lackieren, bohren oder schleifen).<\/p>\n<p>[av_font_icon icon='ue812' font='entypo-fontello' style='' caption='' link='' linktarget='' size='24px' position='left' color='#e30613' av_uid='av-8ujr' admin_preview_bg=''][\/av_font_icon] Geh\u00f6rt in jeden Firmenbus<\/p>\n<p>[av_font_icon icon='ue812' font='entypo-fontello' style='' caption='' link='' linktarget='' size='24px' position='left' color='#e30613' av_uid='av-8ujr' admin_preview_bg=''][\/av_font_icon] Ein Heimwerker kann nicht ohne<\/p>\n<p>[av_font_icon icon='ue812' font='entypo-fontello' style='' caption='' link='' linktarget='' size='24px' position='left' color='#e30613' av_uid='av-8ujr' admin_preview_bg=''][\/av_font_icon] Schweissen ohne Schweissger\u00e4t<\/p>\n<p>[av_font_icon icon='ue812' font='entypo-fontello' style='' caption='' link='' linktarget='' size='24px' position='left' color='#e30613' av_uid='av-8ujr' admin_preview_bg=''][\/av_font_icon] Kann bis zu 2 Jahre nach den \u00d6ffnen verwendet werden<\/p>\n","protected":false},"featured_media":394,"template":"","meta":{"_monsterinsights_skip_tracking":false,"_monsterinsights_sitenote_active":false,"_monsterinsights_sitenote_note":"","_monsterinsights_sitenote_category":0},"product_brand":[],"product_cat":[33],"product_tag":[],"class_list":{"0":"post-484","1":"product","2":"type-product","3":"status-publish","4":"has-post-thumbnail","6":"product_cat-algemeen-de","8":"first","9":"instock","10":"taxable","11":"shipping-taxable","12":"purchasable","13":"product-type-simple"},"_links":{"self":[{"href":"https:\/\/www.hgpowerglue.nl\/de\/wp-json\/wp\/v2\/product\/484","targetHints":{"allow":["GET"]}}],"collection":[{"href":"https:\/\/www.hgpowerglue.nl\/de\/wp-json\/wp\/v2\/product"}],"about":[{"href":"https:\/\/www.hgpowerglue.nl\/de\/wp-json\/wp\/v2\/types\/product"}],"wp:featuredmedia":[{"embeddable":true,"href":"https:\/\/www.hgpowerglue.nl\/de\/wp-json\/wp\/v2\/media\/394"}],"wp:attachment":[{"href":"https:\/\/www.hgpowerglue.nl\/de\/wp-json\/wp\/v2\/media?parent=484"}],"wp:term":[{"taxonomy":"product_brand","embeddable":true,"href":"https:\/\/www.hgpowerglue.nl\/de\/wp-json\/wp\/v2\/product_brand?post=484"},{"taxonomy":"product_cat","embeddable":true,"href":"https:\/\/www.hgpowerglue.nl\/de\/wp-json\/wp\/v2\/product_cat?post=484"},{"taxonomy":"product_tag","embeddable":true,"href":"https:\/\/www.hgpowerglue.nl\/de\/wp-json\/wp\/v2\/product_tag?post=484"}],"curies":[{"name":"wp","href":"https:\/\/api.w.org\/{rel}","templated":true}]}}