{"id":490,"date":"2018-10-17T16:05:00","date_gmt":"2018-10-17T14:05:00","guid":{"rendered":"https:\/\/www.hgpowerglue.nl\/product\/hg-powerglue-granulaat\/"},"modified":"2019-08-06T16:41:38","modified_gmt":"2019-08-06T14:41:38","slug":"hg-powerglue-granulaat","status":"publish","type":"product","link":"https:\/\/www.hgpowerglue.nl\/de\/produkt\/hg-powerglue-granulaat\/","title":{"rendered":"HG Power Glue Granulat 40g"},"content":{"rendered":"<p>Inhalt: Granulat 40g<\/p>\n<h4>Anwendung des Granulats<\/h4>\n<p>1.OBERFL\u00c4CHE GR\u00dcNDLICH REINIGEN<\/p>\n<p>.Wunder kann die Schwei\u00dfnaht aus der Flasche nur dann vollbringen, wenn die Oberfl\u00e4chen richtig vorbereitet wurden. Dazu muss die Bruchstelle von s\u00e4mtlichen Verschmutzungen befreit und absolut trocken sein. Daf\u00fcr empfiehlt sich der HG-Cleaner. Auch alte Klebstoffreste m\u00fcssen entfernt werden. Ggf. kann die Bruchstelle auch aufgeraut werden.<\/p>\n<p>2.GRANULAT AUFRIESELN<\/p>\n<p>Die beiden zerbrochenen Teile werden nun zusammengef\u00fcgt und das Granulat mit einer Pulverh\u00f6he von 2mm aufgetragen. Bei Rissen oder Spalten wird das Granulat ebenfalls fein eingestreut. Ohne Klebstoff kommt es noch zu keiner chemischen Reaktion. Es ist m\u00f6glich fehlendes Material wie in einem Loch mit Granulat aufzuf\u00fcllen. Dazu einfach ein Klebeband zur Schalung verwenden. Jede Schicht sollte nicht h\u00f6her als 2mm sein.<\/p>\n<p>3. KLEBSTOFF AUFTROPFEN<\/p>\n<p>Im n\u00e4chsten Schritt wird das Granulat in wenige Tropfen Klebstoff getr\u00e4nkt. Dabei ist mit Vorsicht und Feingef\u00fchl vorzugehen, da die zwei Stoffe bei Kontakt umgehend miteinander reagieren. Die Schwei\u00dfnaht wird st\u00e4rker, je mehr Schichten aus Granulat und Industriekleber man benutzt. F\u00fcr maximale Klebekraft sollte die Naht auf die Vorder- und R\u00fcckseite der Bruchstelle aufgetragen werden.<\/p>\n<p>4. SCHWEISSNAHT AUSH\u00c4RTEN LASSEN<\/p>\n<p>Schon nach wenigen Minuten ist die Schwei\u00dfnaht aus der Flasche vollkommen ausgeh\u00e4rtet und unglaublich belastbar. Sie kann mechanisch bearbeitet und lackiert werden. Die Endfestigkeit variiert je nach Material.<\/p>\n","protected":false},"excerpt":{"rendered":"<p>Artikelnummer: 200040<\/p>\n<p>Ein Granulat um sie ewig zu binden<\/p>\n<p>Das wei\u00dfe und fein gemahlene Pulver l\u00e4sst in Kombination mit dem HG-Extreme Industriekleber eine bombenfeste Schwei\u00dfnaht entstehen, die selbst unter schwerer Belastung eine Ewigkeit lang h\u00e4lt. Durch die Kombination der zwei Komponenten entsteht eine chemische Reaktion, die wir Schwei\u00dfnaht aus der Flasche nennen. Diese Verklebungen sind um ein Vielfaches stabiler als jene von herk\u00f6mmlichen Klebstoffen.<\/p>\n<p>Anwendungsgebiete der Schweissnaht aus der Flasche<\/p>\n<p>Unser HG-Extreme Industrieklebstoff verbindet in Kombination mit dem Schwei\u00dfpulver fast alle Materialien dauerhaft. Auch Spalten, Risse oder gar L\u00f6cher k\u00f6nnen mit der Schwei\u00dfnaht aus der Flasche m\u00fchelos aufgef\u00fcllt und sicher verklebt werden. Selbst fehlende Materialien oder Gewinde k\u00f6nnen durch diese einzigartige Kombination wiederhergestellt werden, da die Klebemasse nach deren Aush\u00e4rtung mechanisch bearbeitbar ist und sogar geschliffen, gebohrt und lackiert werden kann.<\/p>\n<p>[av_font_icon icon='ue812' font='entypo-fontello' style='' caption='' link='' linktarget='' size='24px' position='left' color='#e30613' av_uid='av-8ujr' admin_preview_bg=''][\/av_font_icon] Geh\u00f6rt in jeden Firmenbus<\/p>\n<p>[av_font_icon icon='ue812' font='entypo-fontello' style='' caption='' link='' linktarget='' size='24px' position='left' color='#e30613' av_uid='av-8ujr' admin_preview_bg=''][\/av_font_icon] Ein Heimwerker kann nicht ohne<\/p>\n<p>[av_font_icon icon='ue812' font='entypo-fontello' style='' caption='' link='' linktarget='' size='24px' position='left' color='#e30613' av_uid='av-8ujr' admin_preview_bg=''][\/av_font_icon] Schweissen ohne Schweissger\u00e4t<\/p>\n<p>[av_font_icon icon='ue812' font='entypo-fontello' style='' caption='' link='' linktarget='' size='24px' position='left' color='#e30613' av_uid='av-8ujr' admin_preview_bg=''][\/av_font_icon] Kann bis zu 2 Jahre nach den \u00d6ffnen verwendet werden<\/p>\n","protected":false},"featured_media":732,"template":"","meta":{"_monsterinsights_skip_tracking":false,"_monsterinsights_sitenote_active":false,"_monsterinsights_sitenote_note":"","_monsterinsights_sitenote_category":0},"product_brand":[],"product_cat":[33],"product_tag":[],"class_list":{"0":"post-490","1":"product","2":"type-product","3":"status-publish","4":"has-post-thumbnail","6":"product_cat-algemeen-de","8":"first","9":"instock","10":"taxable","11":"shipping-taxable","12":"purchasable","13":"product-type-simple"},"_links":{"self":[{"href":"https:\/\/www.hgpowerglue.nl\/de\/wp-json\/wp\/v2\/product\/490","targetHints":{"allow":["GET"]}}],"collection":[{"href":"https:\/\/www.hgpowerglue.nl\/de\/wp-json\/wp\/v2\/product"}],"about":[{"href":"https:\/\/www.hgpowerglue.nl\/de\/wp-json\/wp\/v2\/types\/product"}],"wp:featuredmedia":[{"embeddable":true,"href":"https:\/\/www.hgpowerglue.nl\/de\/wp-json\/wp\/v2\/media\/732"}],"wp:attachment":[{"href":"https:\/\/www.hgpowerglue.nl\/de\/wp-json\/wp\/v2\/media?parent=490"}],"wp:term":[{"taxonomy":"product_brand","embeddable":true,"href":"https:\/\/www.hgpowerglue.nl\/de\/wp-json\/wp\/v2\/product_brand?post=490"},{"taxonomy":"product_cat","embeddable":true,"href":"https:\/\/www.hgpowerglue.nl\/de\/wp-json\/wp\/v2\/product_cat?post=490"},{"taxonomy":"product_tag","embeddable":true,"href":"https:\/\/www.hgpowerglue.nl\/de\/wp-json\/wp\/v2\/product_tag?post=490"}],"curies":[{"name":"wp","href":"https:\/\/api.w.org\/{rel}","templated":true}]}}