{"id":496,"date":"2018-10-17T15:58:31","date_gmt":"2018-10-17T13:58:31","guid":{"rendered":"https:\/\/www.hgpowerglue.nl\/product\/hg-powerglue-extreme\/"},"modified":"2019-07-31T16:54:55","modified_gmt":"2019-07-31T14:54:55","slug":"hg-powerglue-extreme","status":"publish","type":"product","link":"https:\/\/www.hgpowerglue.nl\/de\/produkt\/hg-powerglue-extreme\/","title":{"rendered":"HG Power Glue Extreme 20g"},"content":{"rendered":"<p>Inhalt: Industrieklebstoff HG-Extreme 20g<\/p>\n<h4>DIE ANWENDUNG DES HG-INDUSTRIEKLEBSTOFFES<\/h4>\n<p>1. REINIGEN DER OBERFL\u00c4CHE<\/p>\n<p>Um eine tadellose und belastbare Verklebung zu garantieren, ist es unerl\u00e4sslich die Bruchstelle von s\u00e4mtlichen Verunreinigungen zu befreien. Die zu klebende Stelle muss trocken, sauber und frei von Klebstoffresten sein. F\u00fcr eine vollst\u00e4ndige Reinigung eignet sich der HG-Cleaner.<\/p>\n<p>2. AUFTRAGEN DES INDUSTRIEKLEBSTOFFES<\/p>\n<p>Damit der Industriekleber nicht kleckert und es nicht zu unerw\u00fcnschten Klebstoffresten kommt, sollte der HG-Extreme d\u00fcnn aufgetragen und genau dosiert werden. Der Klebstoff sollte nur auf einer Seite der Bruchstelle aufgetragen werden.<\/p>\n<p>3. ZERBROCHENE TEILE ZUSAMMENF\u00dcGEN<\/p>\n<p>Ein Cyanacrylat-Klebstoff erlangt seine Festigkeit durch kr\u00e4ftigen Kontaktdruck. Dazu die beiden zu klebenden Objekte sorgf\u00e4ltig und exakt zusammenf\u00fcgen und erst dann kr\u00e4ftig zusammendr\u00fccken. So lange kein Druck ausge\u00fcbt wird, bleibt der Kleber fl\u00fcssig und es k\u00f6nnen leichte Korrekturen durchgef\u00fchrt werden.<\/p>\n<p>4. INDUSTRIEKLEBSTOFF TROCKNEN LASSEN<\/p>\n<p>Ohne die Beimischung des Granulates oder eines HG-Aktivators, sollte die Bruchstelle nach dem Verkleben einige Minuten unbelastet ruhen, damit der Kleber seine volle Kraft entfalten kann. Nur dadurch wird eine stabile Verbindung gew\u00e4hrleistet.<\/p>\n","protected":false},"excerpt":{"rendered":"<p>Artikelnummer: 200020<\/p>\n<p>Industrieklebstoff mit maximaler Klebekraft<\/p>\n<p>Unser Industriekleber HG-Extreme ist ein absolut l\u00f6sungsmittelfreier Reaktionsklebstoff h\u00f6chster Reinheitsklasse. Er z\u00e4hlt zu den Cyanacrylat-Klebstoffen und polymerisiert deswegen schlagartig. Dank dieser enorm schnellen Aush\u00e4rtungsgeschwindigkeit ist der HG-Industrieklebstoff universell einsetzbar, jedoch unterscheiden sich die Haftwerte und die Viskosit\u00e4t je nach Material.<\/p>\n<p>HG-Extreme: Der Industrieklebstoff, der fast alles klebt<\/p>\n<p>Die Polymerisation erfolgt durch Anpressdruck, der auf schwach basische Oberfl\u00e4chen ausge\u00fcbt wird. Es kommt zu einem sofortigen Sauerstoffausschluss und Materialien wie Metall, Gummi, Holz, Keramik, Porzellan, Glas, Kunststoffe, Stein, u. v. m. werden umgehend bombenfest verklebt. Die Klebestelle bleibt dabei glasklar und flexibel.<\/p>\n<p>Die richtige Kombination macht&#8217;s<\/p>\n<p>Gewisse Oberfl\u00e4chen wie Polypropylen oder Polyethylen lassen sich nur schwer mit dem HG-Extreme Industrieklebstoff zusammenf\u00fcgen. Darum haben wir einen speziell f\u00fcr diesen Industrieklebstoff entwickelten Primer hergestellt, der als Haftvermittler, die Haftwerte deutlich verbessert. Vor allem in Verbindung mit unserem Granulat entfaltet der HG-Extreme jedoch eine noch nie dagewesene Klebekraft.<\/p>\n<p>[av_font_icon icon='ue812' font='entypo-fontello' style='' caption='' link='' linktarget='' size='24px' position='left' color='#e30613' av_uid='av-8ujr' admin_preview_bg=''][\/av_font_icon] geh\u00f6rt in jeden Firmenbus<\/p>\n<p>[av_font_icon icon='ue812' font='entypo-fontello' style='' caption='' link='' linktarget='' size='24px' position='left' color='#e30613' av_uid='av-8ujr' admin_preview_bg=''][\/av_font_icon] Ein Heimwerker kann nicht ohne<\/p>\n<p>[av_font_icon icon='ue812' font='entypo-fontello' style='' caption='' link='' linktarget='' size='24px' position='left' color='#e30613' av_uid='av-8ujr' admin_preview_bg=''][\/av_font_icon] Schweissen ohne Schweissger\u00e4t<\/p>\n<p>[av_font_icon icon='ue812' font='entypo-fontello' style='' caption='' link='' linktarget='' size='24px' position='left' color='#e30613' av_uid='av-8ujr' admin_preview_bg=''][\/av_font_icon] Kann bis zu 2 Jahre nach den \u00f6ffnen verwendet werden<\/p>\n","protected":false},"featured_media":588,"template":"","meta":{"_monsterinsights_skip_tracking":false,"_monsterinsights_sitenote_active":false,"_monsterinsights_sitenote_note":"","_monsterinsights_sitenote_category":0},"product_brand":[],"product_cat":[33],"product_tag":[],"class_list":{"0":"post-496","1":"product","2":"type-product","3":"status-publish","4":"has-post-thumbnail","6":"product_cat-algemeen-de","8":"first","9":"instock","10":"taxable","11":"shipping-taxable","12":"purchasable","13":"product-type-simple"},"_links":{"self":[{"href":"https:\/\/www.hgpowerglue.nl\/de\/wp-json\/wp\/v2\/product\/496","targetHints":{"allow":["GET"]}}],"collection":[{"href":"https:\/\/www.hgpowerglue.nl\/de\/wp-json\/wp\/v2\/product"}],"about":[{"href":"https:\/\/www.hgpowerglue.nl\/de\/wp-json\/wp\/v2\/types\/product"}],"wp:featuredmedia":[{"embeddable":true,"href":"https:\/\/www.hgpowerglue.nl\/de\/wp-json\/wp\/v2\/media\/588"}],"wp:attachment":[{"href":"https:\/\/www.hgpowerglue.nl\/de\/wp-json\/wp\/v2\/media?parent=496"}],"wp:term":[{"taxonomy":"product_brand","embeddable":true,"href":"https:\/\/www.hgpowerglue.nl\/de\/wp-json\/wp\/v2\/product_brand?post=496"},{"taxonomy":"product_cat","embeddable":true,"href":"https:\/\/www.hgpowerglue.nl\/de\/wp-json\/wp\/v2\/product_cat?post=496"},{"taxonomy":"product_tag","embeddable":true,"href":"https:\/\/www.hgpowerglue.nl\/de\/wp-json\/wp\/v2\/product_tag?post=496"}],"curies":[{"name":"wp","href":"https:\/\/api.w.org\/{rel}","templated":true}]}}