{"id":499,"date":"2018-10-17T15:50:42","date_gmt":"2018-10-17T13:50:42","guid":{"rendered":"https:\/\/www.hgpowerglue.nl\/product\/hg-powerglue-activator-spray\/"},"modified":"2019-08-06T15:18:31","modified_gmt":"2019-08-06T13:18:31","slug":"hg-powerglue-activator-spray","status":"publish","type":"product","link":"https:\/\/www.hgpowerglue.nl\/de\/produkt\/hg-powerglue-activator-spray\/","title":{"rendered":"HG Power Glue aktivator spray 200ml"},"content":{"rendered":"<p>Inhalt: Aktivator Spray 200ml<\/p>\n<h4>DIE ANWENDUNG DES HG-AKTIVATORS<\/h4>\n<p>1. AUFTRAGEN DES AKTIVATORS<\/p>\n<p>Industrieklebstoffe kleben aufgrund von kompletten Sauerstoffausschluss sehr effizient. Dieser wird durch Kontaktdruck erlangt. Gewisse Materialien wie Porzellan, Stein, Fliesen, Holz oder Keramik ben\u00f6tigen jedoch bei Verklebungen ohne Granulat oft mehrere Stunden bis sie vollkommen ausgeh\u00e4rtet sind. Oder es handelt sich um sehr por\u00f6se, winzig kleine oder zwei nicht passgenaue Fl\u00e4chen, so dass man keinen Kontaktdruck aus\u00fcben kann. Auch in diesen F\u00e4llen bewirkt der HG-Aktivator ein ausgesprochen schnelles Verkleben. Dabei ist unser Aush\u00e4rtebeschleuniger speziell auf unseren HG-Industrieklebstoff abgestimmt. Schon nach wenigen Sekunden ist die Bruchstelle handfest verklebt.<\/p>\n<p>2. AUSH\u00c4RTEN LASSEN<\/p>\n<p>Schon nach wenigen Sekunden ist die Bruchstelle handfest verklebt.<\/p>\n","protected":false},"excerpt":{"rendered":"<p>Artikelnummer: 400200<\/p>\n<p>HG-aktivator \u2013 der Aush\u00e4rtebeschleuniger f\u00fcr Profis<\/p>\n<p>Industrieklebstoffe kleben aufgrund von kompletten Sauerstoffausschluss sehr effizient. Dieser wird durch Kontaktdruck erlangt. Gewisse Materialien wie Porzellan, Stein, Fliesen, Holz oder Keramik ben\u00f6tigen jedoch bei Verklebungen ohne Granulat oft mehrere Stunden bis sie vollkommen ausgeh\u00e4rtet sind. Oder es handelt sich um sehr por\u00f6se, winzig kleine oder zwei nicht passgenaue Fl\u00e4chen, so dass man keinen Kontaktdruck aus\u00fcben kann. Auch in diesen F\u00e4llen bewirkt der HG-Aktivator ein ausgesprochen schnelles Verkleben. Dabei ist unser Aush\u00e4rtebeschleuniger speziell auf unseren HG-Industrieklebstoff abgestimmt. Schon nach wenigen Sekunden ist die Bruchstelle handfest verklebt.<\/p>\n<p>[av_font_icon icon='ue812' font='entypo-fontello' style='' caption='' link='' linktarget='' size='24px' position='left' color='#e30613' av_uid='av-8ujr' admin_preview_bg=''][\/av_font_icon] Geh\u00f6rt in jeden Firmenbus<\/p>\n<p>[av_font_icon icon='ue812' font='entypo-fontello' style='' caption='' link='' linktarget='' size='24px' position='left' color='#e30613' av_uid='av-8ujr' admin_preview_bg=''][\/av_font_icon] Ein Heimwerker kann nicht ohne<\/p>\n<p>[av_font_icon icon='ue812' font='entypo-fontello' style='' caption='' link='' linktarget='' size='24px' position='left' color='#e30613' av_uid='av-8ujr' admin_preview_bg=''][\/av_font_icon] Schweissen ohne Schweissger\u00e4t<\/p>\n<p>[av_font_icon icon='ue812' font='entypo-fontello' style='' caption='' link='' linktarget='' size='24px' position='left' color='#e30613' av_uid='av-8ujr' admin_preview_bg=''][\/av_font_icon] Kann bis zu 2 Jahre nach den \u00d6ffnen verwendet werden<\/p>\n","protected":false},"featured_media":376,"template":"","meta":{"_monsterinsights_skip_tracking":false,"_monsterinsights_sitenote_active":false,"_monsterinsights_sitenote_note":"","_monsterinsights_sitenote_category":0},"product_brand":[],"product_cat":[33],"product_tag":[],"class_list":{"0":"post-499","1":"product","2":"type-product","3":"status-publish","4":"has-post-thumbnail","6":"product_cat-algemeen-de","8":"first","9":"instock","10":"taxable","11":"shipping-taxable","12":"purchasable","13":"product-type-simple"},"_links":{"self":[{"href":"https:\/\/www.hgpowerglue.nl\/de\/wp-json\/wp\/v2\/product\/499","targetHints":{"allow":["GET"]}}],"collection":[{"href":"https:\/\/www.hgpowerglue.nl\/de\/wp-json\/wp\/v2\/product"}],"about":[{"href":"https:\/\/www.hgpowerglue.nl\/de\/wp-json\/wp\/v2\/types\/product"}],"wp:featuredmedia":[{"embeddable":true,"href":"https:\/\/www.hgpowerglue.nl\/de\/wp-json\/wp\/v2\/media\/376"}],"wp:attachment":[{"href":"https:\/\/www.hgpowerglue.nl\/de\/wp-json\/wp\/v2\/media?parent=499"}],"wp:term":[{"taxonomy":"product_brand","embeddable":true,"href":"https:\/\/www.hgpowerglue.nl\/de\/wp-json\/wp\/v2\/product_brand?post=499"},{"taxonomy":"product_cat","embeddable":true,"href":"https:\/\/www.hgpowerglue.nl\/de\/wp-json\/wp\/v2\/product_cat?post=499"},{"taxonomy":"product_tag","embeddable":true,"href":"https:\/\/www.hgpowerglue.nl\/de\/wp-json\/wp\/v2\/product_tag?post=499"}],"curies":[{"name":"wp","href":"https:\/\/api.w.org\/{rel}","templated":true}]}}