{"id":502,"date":"2018-10-17T15:38:16","date_gmt":"2018-10-17T13:38:16","guid":{"rendered":"https:\/\/www.hgpowerglue.nl\/product\/hg-powerglue-activator-met-kwastje\/"},"modified":"2019-08-06T15:31:25","modified_gmt":"2019-08-06T13:31:25","slug":"hg-powerglue-activator-met-kwastje","status":"publish","type":"product","link":"https:\/\/www.hgpowerglue.nl\/de\/produkt\/hg-powerglue-activator-met-kwastje\/","title":{"rendered":"HG Power Glue aktivator 15ml zum Pinseln"},"content":{"rendered":"<p>Inhalt: Aktivator 15ml<\/p>\n<h4>DIE ANWENDUNG DES HG-ACTIVATORS<\/h4>\n<p>1. AUFTRAGEN DES AKTIVATORS UND INDUSTIEKLEBSTOFF<\/p>\n<p>Der Aush\u00e4rtebeschleuniger wird blo\u00df an einer Seite der Bruchstelle aufgetragen. Dazu muss die Oberfl\u00e4che lediglich mit einer feinen Schicht der Fl\u00fcssigkeit benetzt werden. Auf die zweite Seite der Bruchstelle wird der HG-Industriekleber aufgetragen.<\/p>\n<p>Anschlie\u00dfend werden die beiden Objekte zusammengef\u00fcgt. Schon nach wenigen Sekunden ist die Bruchstelle handfest verklebt.<\/p>\n<div class=\"page-wrapper\">\n<div class=\"columns\">\n<div class=\"column main\">\n<div class=\"product info detailed\">\n<div class=\"product data items\" role=\"tablist\">\n<div id=\"product.info.description\" class=\"data item content\" role=\"tabpanel\">\n<div class=\"product attribute description\">\n<div class=\"value\">\n<p>&nbsp;<\/p>\n<\/div>\n<\/div>\n<\/div>\n<\/div>\n<\/div>\n<\/div>\n<\/div>\n<\/div>\n","protected":false},"excerpt":{"rendered":"<p>Artikelnummer: 400015<\/p>\n<p>HG-Aktivator &#8211; Der Aush\u00e4rtebeschleuniger f\u00fcr Profis<\/p>\n<p>Industrieklebstoffe kleben aufgrund von kompletten Sauerstoffausschluss sehr effizient. Dieser wird durch Kontaktdruck erlangt. Gewisse Materialien wie Porzellan, Stein, Fliesen, Holz oder Keramik ben\u00f6tigen jedoch bei Verklebungen ohne Granulat oft mehrere Stunden bis sie vollkommen ausgeh\u00e4rtet sind. Oder es handelt sich um sehr por\u00f6se, winzig kleine oder zwei nicht passgenaue Fl\u00e4chen, so dass man keinen Kontaktdruck aus\u00fcben kann. Auch in diesen F\u00e4llen bewirkt der HG-Aktivator ein ausgesprochen schnelles Verkleben. Dabei ist unser Aush\u00e4rtebeschleuniger speziell auf unseren HG-Industrieklebstoff abgestimmt. Schon nach wenigen Sekunden ist die Bruchstelle handfest verklebt.<\/p>\n<p>[av_font_icon icon='ue812' font='entypo-fontello' style='' caption='' link='' linktarget='' size='24px' position='left' color='#e30613' av_uid='av-8ujr' admin_preview_bg=''][\/av_font_icon] Geh\u00f6rt in jeden Firmenbus<\/p>\n<p>[av_font_icon icon='ue812' font='entypo-fontello' style='' caption='' link='' linktarget='' size='24px' position='left' color='#e30613' av_uid='av-8ujr' admin_preview_bg=''][\/av_font_icon] Ein Heimwerker kann nicht ohne<\/p>\n<p>[av_font_icon icon='ue812' font='entypo-fontello' style='' caption='' link='' linktarget='' size='24px' position='left' color='#e30613' av_uid='av-8ujr' admin_preview_bg=''][\/av_font_icon] Schweissen ohne Schweissger\u00e4t<\/p>\n<p>[av_font_icon icon='ue812' font='entypo-fontello' style='' caption='' link='' linktarget='' size='24px' position='left' color='#e30613' av_uid='av-8ujr' admin_preview_bg=''][\/av_font_icon] Kann bis zu 2 Jahre nach den \u00d6ffnen verwerndet werden<\/p>\n","protected":false},"featured_media":371,"template":"","meta":{"_monsterinsights_skip_tracking":false,"_monsterinsights_sitenote_active":false,"_monsterinsights_sitenote_note":"","_monsterinsights_sitenote_category":0},"product_brand":[],"product_cat":[33],"product_tag":[],"class_list":{"0":"post-502","1":"product","2":"type-product","3":"status-publish","4":"has-post-thumbnail","6":"product_cat-algemeen-de","8":"first","9":"instock","10":"taxable","11":"shipping-taxable","12":"purchasable","13":"product-type-simple"},"_links":{"self":[{"href":"https:\/\/www.hgpowerglue.nl\/de\/wp-json\/wp\/v2\/product\/502","targetHints":{"allow":["GET"]}}],"collection":[{"href":"https:\/\/www.hgpowerglue.nl\/de\/wp-json\/wp\/v2\/product"}],"about":[{"href":"https:\/\/www.hgpowerglue.nl\/de\/wp-json\/wp\/v2\/types\/product"}],"wp:featuredmedia":[{"embeddable":true,"href":"https:\/\/www.hgpowerglue.nl\/de\/wp-json\/wp\/v2\/media\/371"}],"wp:attachment":[{"href":"https:\/\/www.hgpowerglue.nl\/de\/wp-json\/wp\/v2\/media?parent=502"}],"wp:term":[{"taxonomy":"product_brand","embeddable":true,"href":"https:\/\/www.hgpowerglue.nl\/de\/wp-json\/wp\/v2\/product_brand?post=502"},{"taxonomy":"product_cat","embeddable":true,"href":"https:\/\/www.hgpowerglue.nl\/de\/wp-json\/wp\/v2\/product_cat?post=502"},{"taxonomy":"product_tag","embeddable":true,"href":"https:\/\/www.hgpowerglue.nl\/de\/wp-json\/wp\/v2\/product_tag?post=502"}],"curies":[{"name":"wp","href":"https:\/\/api.w.org\/{rel}","templated":true}]}}