{"id":505,"date":"2018-10-10T16:56:17","date_gmt":"2018-10-10T14:56:17","guid":{"rendered":"https:\/\/www.hgpowerglue.nl\/product\/hg-powerglue-cleaner\/"},"modified":"2019-08-06T16:53:41","modified_gmt":"2019-08-06T14:53:41","slug":"hg-powerglue-cleaner","status":"publish","type":"product","link":"https:\/\/www.hgpowerglue.nl\/de\/produkt\/hg-powerglue-cleaner\/","title":{"rendered":"HG Power Glue cleaner 20ml"},"content":{"rendered":"<p>Inhalt: Cleaner 20ml<\/p>\n<h4>DIE ANWENDUNG DES HG-CLEANERS<\/h4>\n<p>1. VERTR\u00c4GLICHKEIT PR\u00dcFEN<\/p>\n<p>Bevor man den hochkonzentrierten Cleaner auftr\u00e4gt, sollten die Materialien unbedingt auf ihre Vertr\u00e4glichkeit hin \u00fcberpr\u00fcft werden. Dazu am besten eine winzige Menge an der Oberfl\u00e4che testen und bei einer ungew\u00fcnschten Reaktion sofort wieder abwischen.<\/p>\n<p>2. OPTIONAL: KLEBSTOFFRESTEN ENTFERNEN<\/p>\n<p>Falls vor der Verklebung der Bruchstelle noch alte Klebstoffreste entfernt werden m\u00fcssen, werden einige Tropfen des Reinigers direkt auf die Klebstoffr\u00fcckst\u00e4nde aufgetragen. Der Cleaner muss einige Minuten einziehen und verfl\u00fcssigt die R\u00fcckst\u00e4nde. Diese k\u00f6nnen einfach mit einem sauberen Tuch entfernt werden.<\/p>\n<p>3. GRUNDREINIGUNG<\/p>\n<p>F\u00fcr die Reinigung der Bruchstelle, werden lediglich einige Tropfen des Cleaners an jener Stelle aufgetragen, an der anschlie\u00dfend geklebt wird. Um starke Haftwerte zu erreichen, ist es essentiell ein sauberes Tuch zu verwenden und den Reiniger samt Schmutz vollst\u00e4ndig zu entfernen. Jegliche Verunreinigung verschlechtert die Stabilit\u00e4t der Klebeverbindung.<\/p>\n","protected":false},"excerpt":{"rendered":"<p>Artikelnummer: 500020<\/p>\n<p>Mit dem HG-Cleaner reinigen und Reste entfernen<\/p>\n<p>Unser hochkonzentrierter Cleaner eignet sich f\u00fcr zwei Anwendungsgebiete. Zum einen reinigt er als Vorbehandlung zu verklebende Oberfl\u00e4chen von jeglichen Verunreinigungen, zum anderen entfernt er zuverl\u00e4ssig und spielend hartn\u00e4ckige Klebstoffreste. Erst durch diesen Reinigungsprozess kann eine dauerhafte und stabile Verbindung hergestellt werden.<\/p>\n<p>Was Sie mit dem Cleaner entfernen k\u00f6nnen<\/p>\n<p>Die Oberfl\u00e4che der Bruchstelle muss f\u00fcr eine erfolgreiche Verklebung von jeder Art der Verschmutzung ges\u00e4ubert werden. Dazu z\u00e4hlen \u00d6le, Fette, Feuchtigkeit, Rost, Staub und andere Verunreinigungen. Dar\u00fcber hinaus entfernt der Cleaner einfach und schnell alte Klebstoffreste auf der Oberfl\u00e4che der zu verklebenden Materialien oder hart gewordene Reste auf der Haut, Textilien oder der Tischplatte.<\/p>\n<p>[av_font_icon icon='ue812' font='entypo-fontello' style='' caption='' link='' linktarget='' size='24px' position='left' color='#e30613' av_uid='av-8ujr' admin_preview_bg=''][\/av_font_icon] Geh\u00f6rt in jeden Firmenbus<\/p>\n<p>[av_font_icon icon='ue812' font='entypo-fontello' style='' caption='' link='' linktarget='' size='24px' position='left' color='#e30613' av_uid='av-8ujr' admin_preview_bg=''][\/av_font_icon] Ein Heimwerker kann nicht ohne<\/p>\n<p>[av_font_icon icon='ue812' font='entypo-fontello' style='' caption='' link='' linktarget='' size='24px' position='left' color='#e30613' av_uid='av-8ujr' admin_preview_bg=''][\/av_font_icon] Schweissen ohne Schweissger\u00e4t<\/p>\n<p>[av_font_icon icon='ue812' font='entypo-fontello' style='' caption='' link='' linktarget='' size='24px' position='left' color='#e30613' av_uid='av-8ujr' admin_preview_bg=''][\/av_font_icon] Kann bis zu 2 Jahre nach den \u00d6ffnen verwendet werden<\/p>\n","protected":false},"featured_media":332,"template":"","meta":{"_monsterinsights_skip_tracking":false,"_monsterinsights_sitenote_active":false,"_monsterinsights_sitenote_note":"","_monsterinsights_sitenote_category":0},"product_brand":[],"product_cat":[33],"product_tag":[],"class_list":{"0":"post-505","1":"product","2":"type-product","3":"status-publish","4":"has-post-thumbnail","6":"product_cat-algemeen-de","8":"first","9":"instock","10":"taxable","11":"shipping-taxable","12":"purchasable","13":"product-type-simple"},"_links":{"self":[{"href":"https:\/\/www.hgpowerglue.nl\/de\/wp-json\/wp\/v2\/product\/505","targetHints":{"allow":["GET"]}}],"collection":[{"href":"https:\/\/www.hgpowerglue.nl\/de\/wp-json\/wp\/v2\/product"}],"about":[{"href":"https:\/\/www.hgpowerglue.nl\/de\/wp-json\/wp\/v2\/types\/product"}],"wp:featuredmedia":[{"embeddable":true,"href":"https:\/\/www.hgpowerglue.nl\/de\/wp-json\/wp\/v2\/media\/332"}],"wp:attachment":[{"href":"https:\/\/www.hgpowerglue.nl\/de\/wp-json\/wp\/v2\/media?parent=505"}],"wp:term":[{"taxonomy":"product_brand","embeddable":true,"href":"https:\/\/www.hgpowerglue.nl\/de\/wp-json\/wp\/v2\/product_brand?post=505"},{"taxonomy":"product_cat","embeddable":true,"href":"https:\/\/www.hgpowerglue.nl\/de\/wp-json\/wp\/v2\/product_cat?post=505"},{"taxonomy":"product_tag","embeddable":true,"href":"https:\/\/www.hgpowerglue.nl\/de\/wp-json\/wp\/v2\/product_tag?post=505"}],"curies":[{"name":"wp","href":"https:\/\/api.w.org\/{rel}","templated":true}]}}