{"id":510,"date":"2018-10-10T16:48:38","date_gmt":"2018-10-10T14:48:38","guid":{"rendered":"https:\/\/www.hgpowerglue.nl\/product\/hg-powerglue-primer\/"},"modified":"2019-08-06T17:01:17","modified_gmt":"2019-08-06T15:01:17","slug":"hg-powerglue-primer","status":"publish","type":"product","link":"https:\/\/www.hgpowerglue.nl\/de\/produkt\/hg-powerglue-primer\/","title":{"rendered":"HG Power Glue Primer 15ml"},"content":{"rendered":"<p>Inhalt: Primer 15ml<\/p>\n<h4>DIE ANWENDUNG DES HG-PRIMERS<\/h4>\n<p>1. OBERFL\u00c4CHE AUFRAUEN UND PRIMER AUFTRAGEN<\/p>\n<p>Damit die Fl\u00fcssigkeit des Primers tief einziehen kann, ist es wichtig die zu verklebende Oberfl\u00e4che etwas aufzurauen. Anschlie\u00dfend wird mithilfe des Pinsels eine feine Primerschicht direkt auf die Bruchstelle aufgetragen. Die Fl\u00fcssigkeit ver\u00e4ndert dann chemisch die Oberfl\u00e4chenstruktur.<\/p>\n<p>2. KLEBEVORGANG DURCHF\u00dcHREN<\/p>\n<p>Bereits nach wenigen Sekunden hat der HG-Primer sein Werk vollbracht und ist verdunstet. Jetzt kann der eigentliche Klebevorgang wie gewohnt durchgef\u00fchrt werden. Zu beachten ist, dass nach der Anwendung des Primers die tats\u00e4chliche Endfestigkeit der Verklebung erst nach 24 Stunden erreicht ist.<\/p>\n","protected":false},"excerpt":{"rendered":"<p>Artikelnummer: 300015<\/p>\n<p><strong>Was genau ist eigentlich ein Primer?<\/strong><\/p>\n<p>Es gibt Kunststoffe am Markt, hier wird man regel recht wahnsinnig, wenn man versucht diese zu verkleben. Dies liegt an der erh\u00f6hten Wachsschicht dieser Kunststoffe zu diesen z\u00e4hlen z.B. PE oder PP. (gerne verbaut in Kinderspielzeug, Frischhalteboxen etc.)<\/p>\n<p>Versucht man solche Kunststoffe ohne einen Primer zu verkleben, erreicht man lediglich eine leichte Haftung aber keine richtige Verklebung.<\/p>\n<p>Mit diesem Haftvermittler haben Sie die M\u00f6glichkeit, selbst wachshaltige Materialien wie PE oder PP wieder dauerhaft und bombenfest miteinander zu verkleben.<\/p>\n<p><strong>Unser Tipp an Sie:<\/strong><\/p>\n<p>Wir empfehlen diesen Haftvermittler zu jeder Schwei\u00dfnaht aus der Flasche \u2013 den irgendwann kommt\u00a0 der Zeitpunkt wo Sie auf solche Kunststoffe sto\u00dfen &#8211; und ohne diesen Primer ist es leider nicht m\u00f6glich diese erfolgreich zu verkleben.<\/p>\n<p>PS: Der Primer hat kein Ablaufdatum, und ist im Set mit der Schwei\u00dfnaht aus der Flasche nochmals um 20% g\u00fcnstiger.<\/p>\n<p>[av_font_icon icon='ue812' font='entypo-fontello' style='' caption='' link='' linktarget='' size='24px' position='left' color='#e30613' av_uid='av-8ujr' admin_preview_bg=''][\/av_font_icon] Geh\u00f6rt in jeden Firmenbus<\/p>\n<p>[av_font_icon icon='ue812' font='entypo-fontello' style='' caption='' link='' linktarget='' size='24px' position='left' color='#e30613' av_uid='av-8ujr' admin_preview_bg=''][\/av_font_icon] Ein Heimwerker kann nicht ohne<\/p>\n<p>[av_font_icon icon='ue812' font='entypo-fontello' style='' caption='' link='' linktarget='' size='24px' position='left' color='#e30613' av_uid='av-8ujr' admin_preview_bg=''][\/av_font_icon] Schweissen ohne Schweissger\u00e4t<\/p>\n<p>[av_font_icon icon='ue812' font='entypo-fontello' style='' caption='' link='' linktarget='' size='24px' position='left' color='#e30613' av_uid='av-8ujr' admin_preview_bg=''][\/av_font_icon] Kann bis zum 2 Jahre nach den \u00d6ffnen verwendet werden<\/p>\n","protected":false},"featured_media":325,"template":"","meta":{"_monsterinsights_skip_tracking":false,"_monsterinsights_sitenote_active":false,"_monsterinsights_sitenote_note":"","_monsterinsights_sitenote_category":0},"product_brand":[],"product_cat":[33],"product_tag":[],"class_list":{"0":"post-510","1":"product","2":"type-product","3":"status-publish","4":"has-post-thumbnail","6":"product_cat-algemeen-de","8":"first","9":"instock","10":"taxable","11":"shipping-taxable","12":"purchasable","13":"product-type-simple"},"_links":{"self":[{"href":"https:\/\/www.hgpowerglue.nl\/de\/wp-json\/wp\/v2\/product\/510","targetHints":{"allow":["GET"]}}],"collection":[{"href":"https:\/\/www.hgpowerglue.nl\/de\/wp-json\/wp\/v2\/product"}],"about":[{"href":"https:\/\/www.hgpowerglue.nl\/de\/wp-json\/wp\/v2\/types\/product"}],"wp:featuredmedia":[{"embeddable":true,"href":"https:\/\/www.hgpowerglue.nl\/de\/wp-json\/wp\/v2\/media\/325"}],"wp:attachment":[{"href":"https:\/\/www.hgpowerglue.nl\/de\/wp-json\/wp\/v2\/media?parent=510"}],"wp:term":[{"taxonomy":"product_brand","embeddable":true,"href":"https:\/\/www.hgpowerglue.nl\/de\/wp-json\/wp\/v2\/product_brand?post=510"},{"taxonomy":"product_cat","embeddable":true,"href":"https:\/\/www.hgpowerglue.nl\/de\/wp-json\/wp\/v2\/product_cat?post=510"},{"taxonomy":"product_tag","embeddable":true,"href":"https:\/\/www.hgpowerglue.nl\/de\/wp-json\/wp\/v2\/product_tag?post=510"}],"curies":[{"name":"wp","href":"https:\/\/api.w.org\/{rel}","templated":true}]}}