{"id":561,"date":"2018-10-04T16:58:06","date_gmt":"2018-10-04T14:58:06","guid":{"rendered":"http:\/\/www.hgpowerglue.nl\/product\/hg-powerglue-kunststof-reparatie-set-ii\/"},"modified":"2020-05-01T16:28:57","modified_gmt":"2020-05-01T14:28:57","slug":"hg-powerglue-kunststof-reparatie-set-ii","status":"publish","type":"product","link":"https:\/\/www.hgpowerglue.nl\/de\/produkt\/hg-powerglue-kunststof-reparatie-set-ii\/","title":{"rendered":"SCHWEISSNAHT AUS DER FLASCHE Kunststoffkleber set II"},"content":{"rendered":"<p>Inhalt: 1 x Industrieklebstoff 20g, 1 x Granulat 40g, 1 x HG-Primer 15g, 1 x HG-Cleaner 20g<\/p>\n<h4>DIE ANWENDUNG DES KUNSTSTOFFKLEBER-SETS<\/h4>\n<p>1. REINIGEN &amp; AUFRAUEN DER OBERFL\u00c4CHE MIT HG-CLEANER<\/p>\n<ul>\n<li>vertr\u00e4glichtkeit pr\u00fcfen<\/li>\n<\/ul>\n<p>Bevor man den hochkonzentrierten Cleaner auftr\u00e4gt, sollten die Materialien unbedingt auf ihre Vertr\u00e4glichkeit hin \u00fcberpr\u00fcft werden. Dazu am besten eine winzige Menge an der Oberfl\u00e4che testen und bei einer ungew\u00fcnschten Reaktion sofort wieder abwischen.<\/p>\n<ul>\n<li>optional: Klebstoffresten entfernen<\/li>\n<\/ul>\n<p>Falls vor der Verklebung der Bruchstelle noch alte Klebstoffreste entfernt werden m\u00fcssen, werden einige Tropfen des Reinigers direkt auf die Klebstoffr\u00fcckst\u00e4nde aufgetragen. Der Cleaner muss einige Minuten einziehen und verfl\u00fcssigt die R\u00fcckst\u00e4nde. Diese k\u00f6nnen einfach mit einem sauberen Tuch entfernt werden.<\/p>\n<ul>\n<li>Grundreinigung<\/li>\n<\/ul>\n<p>F\u00fcr die Reinigung der Bruchstelle, werden lediglich einige Tropfen des Cleaners an jener Stelle aufgetragen, an der anschlie\u00dfend geklebt wird. Um starke Haftwerte zu erreichen, ist es essentiell ein sauberes Tuch zu verwenden und den Reiniger samt Schmutz vollst\u00e4ndig zu entfernen. Jegliche Verunreinigung verschlechtert die Stabilit\u00e4t der Klebeverbindung.<\/p>\n<p>Die Schwei\u00dfnaht aus der Flasche kann ihre volle Klebekraft nur dann entfalten, wenn die Bruchstelle entsprechend vorbereitet wird. Idealerweise raut man die Oberfl\u00e4che mit Schleifpapier \/Drahtb\u00fcrste etwas auf und reinigt sie von jeglichen Verschmutzungen. Es d\u00fcrfen sich keine Staub-, Rost-, Fett- oder Klebstoffreste finden und die Klebefl\u00e4che muss vollkommen trocken sein. Anschlie\u00dfend wird ein d\u00fcnne Schicht Primer direkt auf die Bruchstelle gepinstelt. (Primer verdunstet in wenigen Sekunden)<\/p>\n<p>2. DIE ANWENDUNG DES HG-PRIMERS F\u00dcR KUNSTSTOFFEN DIE SCHWIERIG ZU KLEBEN SIND<\/p>\n<p>Es gibt Kunststoffe am Markt, hier wird man regel recht wahnsinnig, wenn man versucht diese zu verkleben. Dies liegt an der erh\u00f6hten Wachsschicht dieser Kunststoffe zu diesen z\u00e4hlen z.B. PE oder PP. (gerne verbaut in Kinderspielzeug, Frischhalteboxen etc.) Wenn Sie diese Kunststoffe kleben m\u00f6chten, verwenden Sie sie mit dem HG-Primer.<\/p>\n<ul>\n<li>Oberfl\u00e4che aufrauen und Primer auftragen<\/li>\n<\/ul>\n<p>Damit die Fl\u00fcssigkeit des Primers tief einziehen kann, ist es wichtig die zu verklebende Oberfl\u00e4che etwas aufzurauen. Anschlie\u00dfend wird mithilfe des Pinsels eine feine Primerschicht direkt auf die Bruchstelle aufgetragen. Die Fl\u00fcssigkeit ver\u00e4ndert dann chemisch die Oberfl\u00e4chenstruktur.<\/p>\n<p>Bereits nach wenigen Sekunden hat der HG-Primer sein Werk vollbracht und ist verdunstet. Jetzt kann der eigentliche Klebevorgang wie gewohnt durchgef\u00fchrt werden. Zu beachten ist, dass nach der Anwendung des Primers die tats\u00e4chliche Endfestigkeit der Verklebung erst nach 24 Stunden erreicht ist.<\/p>\n<p>3. GRANULAT AUFRIESELN<\/p>\n<p>Anschlie\u00dfend werden die zu klebenden Objekte exakt an der Bruchstelle zusammengef\u00fcgt und eine feine Granulatschicht aufgetragen. Die Pulverh\u00f6he darf nicht mehr als 2mm betragen. Ehe man den Industrieklebstoff hinzuf\u00fcgt, tritt keinerlei chemische Reaktion auf.<\/p>\n<p>4. INDUSTRIEKLEBSTOFF AUFRAGEN<\/p>\n<p>Nun wird der Industriekleber HG-Extreme 1.0 aus der zweiten Flasche vorsichtig auf das Granulat getropft, bis s\u00e4mtliches Granulat in Kleber getr\u00e4nkt ist. Sobald die beiden Komponenten in Kontakt treten, kommt es zur chemischen Reaktion und Hitze entsteht. Wir empfehlen immer beide Seiten der Bruchstelle mit einer Schwei\u00dfnaht zu versehen, f\u00fcr maximalen Halt. Je \u00f6fter der Klebevorgang wiederholt wird, desto stabiler wird die Verbindung.<\/p>\n<p>5. VERBINDUNG AUSH\u00c4RTEN LASSEN<\/p>\n<p>Schon nach wenigen Sekunden erreicht die Schwei\u00dfnaht aus der Flasche ihre vollst\u00e4ndige Klebekraft. Dann, wenn die chemische Reaktion zu Ende ist, kann die Naht umgehend geschliffen, gebohrt oder gar lackiert werden. Je nach Materialien kann die Endfestigkeit der Bruchstelle variieren.<\/p>\n<p>Die Anwendung von den HG-Primer und HG-cleaner entnehmen Sie bitte den jeweiligen Produkten.<\/p>\n","protected":false},"excerpt":{"rendered":"<p>Artikelnummer: 302050<\/p>\n<p>Inhalt: 1 x Industrieklebstoff 20g, 1 x Granulat 40g, 1 x HG-Primer 15g, 1 x HG-Cleaner 20g<\/p>\n<p>Problematische Kunststoffmaterialien fest verkleben<\/p>\n<p>\u00d6lhaltige Kunststoffe wie Polyethylen, Polypropylen, Silikone oder Teflon sind \u00e4u\u00dfert schwierig zu verklebende Materialien. Werden diese Materialien ohne die Vorbehandlung vom Primer verklebt, so erreicht man nur eine leichte Haftung aber keine richtige Verklebung. Der in diesem Set enthaltene Primer erm\u00f6glicht es Ihnen selbt schwer zu verklebende Kunststoffe dauerhaft miteinander zu verkleben.<\/p>\n<p>So funktioniert unser Haftvermittler<\/p>\n<p>Als Haftvermittler stellt der HG-Primer zwischen zwei nicht mischbaren Stoffen eine chemische Verbindung her. Damit ist die Bruchstelle empfl\u00e4nglicher f\u00fcr feste Verklebungen. Die Substanz verbessert die Adh\u00e4sionseigenschaften von Oberfl\u00e4chen immens und macht sie besser benetzbar.<\/p>\n<p>&nbsp;<\/p>\n<p>[av_font_icon icon='ue812' font='entypo-fontello' style='' caption='' link='' linktarget='' size='24px' position='left' color='#e30613' av_uid='av-8ujr' admin_preview_bg=''][\/av_font_icon] Geh\u00f6rt in jeden Firmenbus<\/p>\n<p>[av_font_icon icon='ue812' font='entypo-fontello' style='' caption='' link='' linktarget='' size='24px' position='left' color='#e30613' av_uid='av-8ujr' admin_preview_bg=''][\/av_font_icon] Ein Heimwerker kann nicht ohne<\/p>\n<p>[av_font_icon icon='ue812' font='entypo-fontello' style='' caption='' link='' linktarget='' size='24px' position='left' color='#e30613' av_uid='av-8ujr' admin_preview_bg=''][\/av_font_icon] Schweissen ohne Schweissger\u00e4t<\/p>\n<p>[av_font_icon icon='ue812' font='entypo-fontello' style='' caption='' link='' linktarget='' size='24px' position='left' color='#e30613' av_uid='av-8ujr' admin_preview_bg=''][\/av_font_icon] Kann bis zu 2 Jahre mach den \u00d6ffnen verwendet werden<\/p>\n","protected":false},"featured_media":2690,"template":"","meta":{"_monsterinsights_skip_tracking":false,"_monsterinsights_sitenote_active":false,"_monsterinsights_sitenote_note":"","_monsterinsights_sitenote_category":0},"product_brand":[],"product_cat":[33],"product_tag":[],"class_list":{"0":"post-561","1":"product","2":"type-product","3":"status-publish","4":"has-post-thumbnail","6":"product_cat-algemeen-de","8":"first","9":"instock","10":"taxable","11":"shipping-taxable","12":"purchasable","13":"product-type-simple"},"_links":{"self":[{"href":"https:\/\/www.hgpowerglue.nl\/de\/wp-json\/wp\/v2\/product\/561","targetHints":{"allow":["GET"]}}],"collection":[{"href":"https:\/\/www.hgpowerglue.nl\/de\/wp-json\/wp\/v2\/product"}],"about":[{"href":"https:\/\/www.hgpowerglue.nl\/de\/wp-json\/wp\/v2\/types\/product"}],"wp:featuredmedia":[{"embeddable":true,"href":"https:\/\/www.hgpowerglue.nl\/de\/wp-json\/wp\/v2\/media\/2690"}],"wp:attachment":[{"href":"https:\/\/www.hgpowerglue.nl\/de\/wp-json\/wp\/v2\/media?parent=561"}],"wp:term":[{"taxonomy":"product_brand","embeddable":true,"href":"https:\/\/www.hgpowerglue.nl\/de\/wp-json\/wp\/v2\/product_brand?post=561"},{"taxonomy":"product_cat","embeddable":true,"href":"https:\/\/www.hgpowerglue.nl\/de\/wp-json\/wp\/v2\/product_cat?post=561"},{"taxonomy":"product_tag","embeddable":true,"href":"https:\/\/www.hgpowerglue.nl\/de\/wp-json\/wp\/v2\/product_tag?post=561"}],"curies":[{"name":"wp","href":"https:\/\/api.w.org\/{rel}","templated":true}]}}