{"id":1603,"date":"2019-08-14T16:23:09","date_gmt":"2019-08-14T14:23:09","guid":{"rendered":"http:\/\/www.hgpowerglue.nl\/contact\/"},"modified":"2020-04-08T15:10:00","modified_gmt":"2020-04-08T13:10:00","slug":"contact","status":"publish","type":"page","link":"https:\/\/www.hgpowerglue.nl\/fr\/contact\/","title":{"rendered":"Contact"},"content":{"rendered":"\n<style type=\"text\/css\" data-created_by=\"avia_inline_auto\" id=\"style-css-av-jmsw4dwl-e777498a7c92c8d75301e74230e0e0ea\">\n.avia-section.av-jmsw4dwl-e777498a7c92c8d75301e74230e0e0ea{\nbackground-color:#343432;\nbackground-image:unset;\n}\n<\/style>\n<div id='topbalk'  class='avia-section av-jmsw4dwl-e777498a7c92c8d75301e74230e0e0ea main_color avia-section-no-padding avia-no-border-styling  avia-builder-el-0  el_before_av_section  avia-builder-el-first  avia-bg-style-scroll av-minimum-height av-minimum-height-custom av-height-custom  container_wrap sidebar_right'   data-av_minimum_height_px='50'><div class='container av-section-cont-open' style='height:50px'><main  role=\"main\" itemprop=\"mainContentOfPage\"  class='template-page content  av-content-small alpha units'><div class='post-entry post-entry-type-page post-entry-1603'><div class='entry-content-wrapper clearfix'>\n<div class='flex_column_table av-jmsw4mb3-cd2b49b057f8b221fa1f02a1b61ca370 sc-av_one_full av-equal-height-column-flextable'>\n<style type=\"text\/css\" data-created_by=\"avia_inline_auto\" id=\"style-css-av-jmsw4mb3-cd2b49b057f8b221fa1f02a1b61ca370\">\n.flex_column.av-jmsw4mb3-cd2b49b057f8b221fa1f02a1b61ca370{\nborder-radius:0px 0px 0px 0px;\npadding:0px 0px 0px 0px;\n}\n<\/style>\n<div  class='flex_column av-jmsw4mb3-cd2b49b057f8b221fa1f02a1b61ca370 av_one_full  avia-builder-el-1  avia-builder-el-no-sibling  first flex_column_table_cell av-equal-height-column av-align-middle av-zero-column-padding  '     ><style type=\"text\/css\" data-created_by=\"avia_inline_auto\" id=\"style-css-av-8w4i-9bc71a5aa33118cf59ebba00fb7f3fd0\">\n#top .av_textblock_section.av-8w4i-9bc71a5aa33118cf59ebba00fb7f3fd0 .avia_textblock{\nfont-size:14px;\ncolor:#858584;\n}\n<\/style>\n<section  class='av_textblock_section av-8w4i-9bc71a5aa33118cf59ebba00fb7f3fd0 '   itemscope=\"itemscope\" itemtype=\"https:\/\/schema.org\/CreativeWork\" ><div class='avia_textblock av_inherit_color'  itemprop=\"text\" ><p style=\"text-align: center;\"><img loading=\"lazy\" decoding=\"async\" class=\"alignnone size-full wp-image-166\" src=\"https:\/\/www.hgpowerglue.nl\/wp-content\/uploads\/2018\/10\/thermometer.png\" alt=\"\" width=\"10\" height=\"22\" \/> R\u00c9SISTANT \u00c0 LA CHALEUR ET AU FROID +115 \u00b0C \/ -45 \u00b0C <img loading=\"lazy\" decoding=\"async\" class=\"alignnone size-full wp-image-165\" src=\"https:\/\/www.hgpowerglue.nl\/wp-content\/uploads\/2018\/10\/boor.png\" alt=\"\" width=\"22\" height=\"22\" srcset=\"https:\/\/www.hgpowerglue.nl\/wp-content\/uploads\/2018\/10\/boor.png 44w, https:\/\/www.hgpowerglue.nl\/wp-content\/uploads\/2018\/10\/boor-36x36.png 36w\" sizes=\"auto, (max-width: 22px) 100vw, 22px\" \/> TRAITABLE M\u00c9CANIQUEMENT <img loading=\"lazy\" decoding=\"async\" class=\"alignnone size-full wp-image-163\" src=\"https:\/\/www.hgpowerglue.nl\/wp-content\/uploads\/2018\/10\/chemicalien.png\" alt=\"\" width=\"16\" height=\"22\" \/> R\u00c9SISTANT AUX PRODUITS CHIMIQUE <img loading=\"lazy\" decoding=\"async\" class=\"alignnone size-full wp-image-164\" src=\"https:\/\/www.hgpowerglue.nl\/wp-content\/uploads\/2018\/10\/kwast.png\" alt=\"\" width=\"17\" height=\"22\" \/> PEINTURE<\/p>\n<\/div><\/section><\/div><\/div><!--close column table wrapper. Autoclose: 1 -->\n\n<\/div><\/div><\/main><!-- close content main element --><\/div><\/div><div id='av_section_2'  class='avia-section av-2oh8y-57e9f9ce889c11413e22f304e0f0b242 main_color avia-section-large avia-no-border-styling  avia-builder-el-3  el_after_av_section  el_before_av_section  avia-bg-style-scroll container_wrap sidebar_right'  ><div class='container av-section-cont-open' ><div class='template-page content  av-content-small alpha units'><div class='post-entry post-entry-type-page post-entry-1603'><div class='entry-content-wrapper clearfix'>\n\n<style type=\"text\/css\" data-created_by=\"avia_inline_auto\" id=\"style-css-av-22x3a-46da73fe9cfa0564e58a4658530c3ae0\">\n.flex_column.av-22x3a-46da73fe9cfa0564e58a4658530c3ae0{\nborder-radius:0px 0px 0px 0px;\npadding:0px 0px 0px 0px;\n}\n<\/style>\n<div  class='flex_column av-22x3a-46da73fe9cfa0564e58a4658530c3ae0 av_three_fifth  avia-builder-el-4  el_before_av_two_fifth  avia-builder-el-first  first flex_column_div av-zero-column-padding  '     ><p>\n<style type=\"text\/css\" data-created_by=\"avia_inline_auto\" id=\"style-css-av-1bpur-f6756bdc12565fa0006586a029c8408d\">\n#top .av-special-heading.av-1bpur-f6756bdc12565fa0006586a029c8408d{\npadding-bottom:10px;\ncolor:#e30613;\n}\nbody .av-special-heading.av-1bpur-f6756bdc12565fa0006586a029c8408d .av-special-heading-tag .heading-char{\nfont-size:25px;\n}\n.av-special-heading.av-1bpur-f6756bdc12565fa0006586a029c8408d .special-heading-inner-border{\nborder-color:#e30613;\n}\n.av-special-heading.av-1bpur-f6756bdc12565fa0006586a029c8408d .av-subheading{\nfont-size:26px;\n}\n<\/style>\n<div  class='av-special-heading av-1bpur-f6756bdc12565fa0006586a029c8408d av-special-heading-h1 custom-color-heading blockquote modern-quote  avia-builder-el-5  el_before_av_contact  avia-builder-el-first '><h1 class='av-special-heading-tag '  itemprop=\"headline\"  >Avez-vous une question?<\/h1><div class='av_custom_color av-subheading av-subheading_below'><p>Envoyez-nous un message<\/p>\n<\/div><div class=\"special-heading-border\"><div class=\"special-heading-inner-border\"><\/div><\/div><\/div><br \/>\n<form action=\"https:\/\/www.hgpowerglue.nl\/fr\/contact\/\" method=\"post\" data-fields-with-error=\"Erreurs trouv\u00e9es dans les champs suivants :\" class=\"avia_ajax_form av-form-labels-visible   avia-builder-el-6  el_after_av_heading  avia-builder-el-last   \" data-avia-form-id=\"1\" data-avia-redirect='' ><fieldset><p class='  first_form  form_element form_fullwidth' id='element_avia_1_1'><label for=\"avia_1_1\">Votre nom <abbr class=\"required\" title=\"requis(e)\">*<\/abbr><\/label> <input name=\"avia_1_1\" class=\"text_input is_empty\" type=\"text\" id=\"avia_1_1\" value=\"\" \/><\/p><p class='  first_form  form_element form_fullwidth' id='element_avia_2_1'><label for=\"avia_2_1\">Votre adresse <abbr class=\"required\" title=\"requis(e)\">*<\/abbr><\/label> <input name=\"avia_2_1\" class=\"text_input is_email\" type=\"text\" id=\"avia_2_1\" value=\"\" \/><\/p><p class='  first_form  form_element form_fullwidth' id='element_avia_3_1'><label for=\"avia_3_1\">Adresse e-mail <abbr class=\"required\" title=\"requis(e)\">*<\/abbr><\/label> <input name=\"avia_3_1\" class=\"text_input is_email\" type=\"text\" id=\"avia_3_1\" value=\"\" \/><\/p><p class='  first_form  form_element form_fullwidth' id='element_avia_4_1'><label for=\"avia_4_1\">Num\u00e9ro de t\u00e9l\u00e9phone <abbr class=\"required\" title=\"requis(e)\">*<\/abbr><\/label> <input name=\"avia_4_1\" class=\"text_input is_phone\" type=\"text\" id=\"avia_4_1\" value=\"\" \/><\/p><p class='  first_form  form_element form_fullwidth' id='element_avia_5_1'><label for=\"avia_5_1\" class=\"textare_label hidden textare_label_avia_5_1\">Votre message <abbr class=\"required\" title=\"requis(e)\">*<\/abbr><\/label><textarea  name=\"avia_5_1\" class=\"text_area is_empty\" cols=\"40\" rows=\"7\" id=\"avia_5_1\" ><\/textarea><\/p><div id='avia_6_1' class='av-form-text'><p>\nNous utilisons uniquement vos donn\u00e9es personnelles pour le contact demand\u00e9. Lisez notre <a href=\"https:\/\/www.hgpowerglue.nl\/privacybeleid\/\">d\u00e9claration de confidentialit\u00e9<\/a><br \/>\npour plus d&rsquo;informations.<\/p>\n<p>\n<\/div><p class=\"hidden\"><input type=\"text\" name=\"avia_7_1\" class=\"hidden \" id=\"avia_7_1\" value=\"\" \/><\/p><p class=\"form_element \"><input type=\"hidden\" value=\"1\" name=\"avia_generated_form1\" \/><input type=\"submit\" value=\"Envoyer un message\" class=\"button\"  data-sending-label=\"Envoi\"\/><\/p><\/fieldset><\/form><div id=\"ajaxresponse_1\" class=\"ajaxresponse ajaxresponse_1 hidden\"><\/div><\/p><\/div>\n<style type=\"text\/css\" data-created_by=\"avia_inline_auto\" id=\"style-css-av-jmai360y-a02f7da508e7978c1a118327e63a4b5b\">\n.flex_column.av-jmai360y-a02f7da508e7978c1a118327e63a4b5b{\nborder-radius:25px 25px 25px 25px;\npadding:50px 50px 50px 50px;\nbackground-color:#f3f3f2;\n}\n<\/style>\n<div  class='flex_column av-jmai360y-a02f7da508e7978c1a118327e63a4b5b av_two_fifth  avia-builder-el-7  el_after_av_three_fifth  avia-builder-el-last  flex_column_div  '     ><p>\n<style type=\"text\/css\" data-created_by=\"avia_inline_auto\" id=\"style-css-av-yelz-552e77e4324fa67745b67fe16dd81441\">\n#top .av-special-heading.av-yelz-552e77e4324fa67745b67fe16dd81441{\npadding-bottom:10px;\n}\nbody .av-special-heading.av-yelz-552e77e4324fa67745b67fe16dd81441 .av-special-heading-tag .heading-char{\nfont-size:25px;\n}\n.av-special-heading.av-yelz-552e77e4324fa67745b67fe16dd81441 .av-subheading{\nfont-size:26px;\n}\n<\/style>\n<div  class='av-special-heading av-yelz-552e77e4324fa67745b67fe16dd81441 av-special-heading-h3 blockquote modern-quote  avia-builder-el-8  el_before_av_textblock  avia-builder-el-first '><h3 class='av-special-heading-tag '  itemprop=\"headline\"  >Nos donn\u00e9es<\/h3><div class=\"special-heading-border\"><div class=\"special-heading-inner-border\"><\/div><\/div><\/div><br \/>\n<section  class='av_textblock_section av-13pce-049e0c6fd0c5d092c845339e36d70221 '   itemscope=\"itemscope\" itemtype=\"https:\/\/schema.org\/CreativeWork\" ><div class='avia_textblock'  itemprop=\"text\" ><p>HG Powerglue Benelux<br \/>\nBremweg 14<br \/>\n5951 DK Belfeld<br \/>\nPays-Bas<br \/>\nTel.: 0031(0) 85 016 11 22<\/p>\n<p><strong>E-mail:<\/strong> <a href=\"mailto:info@hgpowerglue.nl\">info@hgpowerglue.nl<\/a><\/p>\n<p><strong>Chambre de commerce:<\/strong> 68907532<br \/>\n<strong>IBAN:<\/strong> NL11INGB0008809265<br \/>\n<strong>BIC:\u00a0<\/strong>INGBNL2A<br \/>\n<strong>TVA:<\/strong> NL857642765B01<\/p>\n<p><img loading=\"lazy\" decoding=\"async\" class=\" wp-image-1329\" src=\"https:\/\/www.hgpowerglue.nl\/wp-content\/uploads\/2019\/07\/foto-pand-HG-Powerglue-Benelux-225x300.jpg\" alt=\"\" width=\"125\" height=\"167\" srcset=\"https:\/\/www.hgpowerglue.nl\/wp-content\/uploads\/2019\/07\/foto-pand-HG-Powerglue-Benelux-225x300.jpg 225w, https:\/\/www.hgpowerglue.nl\/wp-content\/uploads\/2019\/07\/foto-pand-HG-Powerglue-Benelux.jpg 390w\" sizes=\"auto, (max-width: 125px) 100vw, 125px\" \/><\/p>\n<p><img loading=\"lazy\" decoding=\"async\" class=\"alignnone size-medium wp-image-1313\" src=\"https:\/\/www.hgpowerglue.nl\/wp-content\/uploads\/2019\/07\/foto-team-HG-Powerglue-300x146.jpg\" alt=\"\" width=\"300\" height=\"146\" srcset=\"https:\/\/www.hgpowerglue.nl\/wp-content\/uploads\/2019\/07\/foto-team-HG-Powerglue-300x146.jpg 300w, https:\/\/www.hgpowerglue.nl\/wp-content\/uploads\/2019\/07\/foto-team-HG-Powerglue-705x343.jpg 705w, https:\/\/www.hgpowerglue.nl\/wp-content\/uploads\/2019\/07\/foto-team-HG-Powerglue-600x292.jpg 600w, https:\/\/www.hgpowerglue.nl\/wp-content\/uploads\/2019\/07\/foto-team-HG-Powerglue.jpg 740w\" sizes=\"auto, (max-width: 300px) 100vw, 300px\" \/><\/p>\n<p>L&rsquo;\u00e9quipe HG Powerglue Benelux<\/p>\n<p>Wendy, Marion, Marco en Helma<\/p>\n<\/div><\/section><\/p><\/div>\n\n<\/div><\/div><\/div><!-- close content main div --><\/div><\/div><div id='av_section_3'  class='avia-section av-jmaiy9sq-6bc29de6837bf4e5e178f1e3f0df450b alternate_color avia-section-default avia-no-border-styling  avia-builder-el-10  el_after_av_section  avia-builder-el-last  avia-bg-style-scroll container_wrap sidebar_right'  ><div class='container av-section-cont-open' ><div class='template-page content  av-content-small alpha units'><div class='post-entry post-entry-type-page post-entry-1603'><div class='entry-content-wrapper clearfix'>\n<div class='flex_column_table av-1v8xm-5f4ce40490d05877149315549575ddee sc-av_one_half av-equal-height-column-flextable'>\n<style type=\"text\/css\" data-created_by=\"avia_inline_auto\" id=\"style-css-av-1v8xm-5f4ce40490d05877149315549575ddee\">\n.flex_column.av-1v8xm-5f4ce40490d05877149315549575ddee{\nborder-radius:0px 0px 0px 0px;\npadding:0px 0px 0px 0px;\n}\n<\/style>\n<div  class='flex_column av-1v8xm-5f4ce40490d05877149315549575ddee av_one_half  avia-builder-el-11  el_before_av_one_fourth  avia-builder-el-first  first flex_column_table_cell av-equal-height-column av-align-middle av-zero-column-padding  '     ><style type=\"text\/css\" data-created_by=\"avia_inline_auto\" id=\"style-css-av-av_heading-efcb6e0cb4fb4d4e792ca9c95cc065a9\">\n#top .av-special-heading.av-av_heading-efcb6e0cb4fb4d4e792ca9c95cc065a9{\npadding-bottom:0;\ncolor:#1d1d1b;\n}\nbody .av-special-heading.av-av_heading-efcb6e0cb4fb4d4e792ca9c95cc065a9 .av-special-heading-tag .heading-char{\nfont-size:25px;\n}\n.av-special-heading.av-av_heading-efcb6e0cb4fb4d4e792ca9c95cc065a9 .special-heading-inner-border{\nborder-color:#1d1d1b;\n}\n.av-special-heading.av-av_heading-efcb6e0cb4fb4d4e792ca9c95cc065a9 .av-subheading{\nfont-size:26px;\n}\n<\/style>\n<div  class='av-special-heading av-av_heading-efcb6e0cb4fb4d4e792ca9c95cc065a9 av-special-heading-h1 custom-color-heading blockquote modern-quote  avia-builder-el-12  avia-builder-el-no-sibling '><h1 class='av-special-heading-tag '  itemprop=\"headline\"  ><span style=\"color: #e30613;\">Commendez directement<\/span>. Nous livrons tous les produits de <span style=\"color: #e30613;\">stock<\/span> au sein du <span style=\"color: #e30613;\">Benelux<\/span>.<\/h1><div class=\"special-heading-border\"><div class=\"special-heading-inner-border\"><\/div><\/div><\/div><\/div><div class='av-flex-placeholder'><\/div>\n<style type=\"text\/css\" data-created_by=\"avia_inline_auto\" id=\"style-css-av-1bitq-951d05d518c235989545c1918ac1fede\">\n.flex_column.av-1bitq-951d05d518c235989545c1918ac1fede{\nborder-radius:0px 0px 0px 0px;\npadding:0px 0px 0px 0px;\n}\n<\/style>\n<div  class='flex_column av-1bitq-951d05d518c235989545c1918ac1fede av_one_fourth  avia-builder-el-13  el_after_av_one_half  el_before_av_one_fourth  flex_column_table_cell av-equal-height-column av-align-middle av-zero-column-padding  '     ><p><section  class='av_textblock_section av-jmaiza4i-e77864ccc61ee7194bc1f04c1b7fa84b '   itemscope=\"itemscope\" itemtype=\"https:\/\/schema.org\/CreativeWork\" ><div class='avia_textblock'  itemprop=\"text\" ><p>\n<style type=\"text\/css\" data-created_by=\"avia_inline_auto\" id=\"style-css-av-8ujr-d3e308f1a96d2b21606161e92089ba73\">\n.av_font_icon.av-8ujr-d3e308f1a96d2b21606161e92089ba73{\ncolor:#e30613;\nborder-color:#e30613;\n}\n.avia-svg-icon.av-8ujr-d3e308f1a96d2b21606161e92089ba73 svg:first-child{\nstroke:#e30613;\nfill:#e30613;\n}\n.av_font_icon.av-8ujr-d3e308f1a96d2b21606161e92089ba73 .av-icon-char{\nfont-size:28px;\nline-height:28px;\n}\n<\/style>\n<span  class='av_font_icon av-8ujr-d3e308f1a96d2b21606161e92089ba73 avia_animate_when_visible av-icon-style- avia-icon-pos-left avia-iconfont avia-font-entypo-fontello avia-icon-animate'><span class='av-icon-char' data-av_icon='\ue812' data-av_iconfont='entypo-fontello' aria-hidden=\"true\" ><\/span><\/span> Web shop pour priv\u00e9<br \/>\net les clients commerciaux.<\/p>\n<\/div><\/section><br \/>\n<section  class='av_textblock_section av-jmaiza4i-e77864ccc61ee7194bc1f04c1b7fa84b '   itemscope=\"itemscope\" itemtype=\"https:\/\/schema.org\/CreativeWork\" ><div class='avia_textblock'  itemprop=\"text\" ><p>\n<style type=\"text\/css\" data-created_by=\"avia_inline_auto\" id=\"style-css-av-1xvrr-9f459577c3d6d6ff58683b6ac43a20e7\">\n.av_font_icon.av-1xvrr-9f459577c3d6d6ff58683b6ac43a20e7{\ncolor:#e30613;\nborder-color:#e30613;\n}\n.avia-svg-icon.av-1xvrr-9f459577c3d6d6ff58683b6ac43a20e7 svg:first-child{\nstroke:#e30613;\nfill:#e30613;\n}\n.av_font_icon.av-1xvrr-9f459577c3d6d6ff58683b6ac43a20e7 .av-icon-char{\nfont-size:28px;\nline-height:28px;\n}\n<\/style>\n<span  class='av_font_icon av-1xvrr-9f459577c3d6d6ff58683b6ac43a20e7 avia_animate_when_visible av-icon-style- avia-icon-pos-left avia-iconfont avia-font-entypo-fontello avia-icon-animate'><span class='av-icon-char' data-av_icon='\ue812' data-av_iconfont='entypo-fontello' aria-hidden=\"true\" ><\/span><\/span> <span class=\"align_text_left\">Command\u00e9 les jours ouvrables avant 15h = exp\u00e9di\u00e9 le m\u00eame jour<\/span><\/p>\n<\/div><\/section><br \/>\n<section  class='av_textblock_section av-jmaiza4i-e77864ccc61ee7194bc1f04c1b7fa84b '   itemscope=\"itemscope\" itemtype=\"https:\/\/schema.org\/CreativeWork\" ><div class='avia_textblock'  itemprop=\"text\" ><p>\n<style type=\"text\/css\" data-created_by=\"avia_inline_auto\" id=\"style-css-av-1fp2b-da0596e6d441c67a0570f6cafd77e145\">\n.av_font_icon.av-1fp2b-da0596e6d441c67a0570f6cafd77e145{\ncolor:#e30613;\nborder-color:#e30613;\n}\n.avia-svg-icon.av-1fp2b-da0596e6d441c67a0570f6cafd77e145 svg:first-child{\nstroke:#e30613;\nfill:#e30613;\n}\n.av_font_icon.av-1fp2b-da0596e6d441c67a0570f6cafd77e145 .av-icon-char{\nfont-size:28px;\nline-height:28px;\n}\n<\/style>\n<span  class='av_font_icon av-1fp2b-da0596e6d441c67a0570f6cafd77e145 avia_animate_when_visible av-icon-style- avia-icon-pos-left avia-iconfont avia-font-entypo-fontello avia-icon-animate'><span class='av-icon-char' data-av_icon='\ue812' data-av_iconfont='entypo-fontello' aria-hidden=\"true\" ><\/span><\/span> <span class=\"align_text_left\">Vous pouvez commander \u00e0 partir de notre stock important \u00e0 \u00a0partir d&rsquo;une seule pi\u00e8ce.<\/span><\/p>\n<\/div><\/section><\/p><\/div><div class='av-flex-placeholder'><\/div>\n<style type=\"text\/css\" data-created_by=\"avia_inline_auto\" id=\"style-css-av-1bitq-951d05d518c235989545c1918ac1fede\">\n.flex_column.av-1bitq-951d05d518c235989545c1918ac1fede{\nborder-radius:0px 0px 0px 0px;\npadding:0px 0px 0px 0px;\n}\n<\/style>\n<div  class='flex_column av-1bitq-951d05d518c235989545c1918ac1fede av_one_fourth  avia-builder-el-20  el_after_av_one_fourth  avia-builder-el-last  flex_column_table_cell av-equal-height-column av-align-middle av-zero-column-padding  '     ><p><section  class='av_textblock_section av-jmaiza4i-e77864ccc61ee7194bc1f04c1b7fa84b '   itemscope=\"itemscope\" itemtype=\"https:\/\/schema.org\/CreativeWork\" ><div class='avia_textblock'  itemprop=\"text\" ><p>\n<style type=\"text\/css\" data-created_by=\"avia_inline_auto\" id=\"style-css-av-zah7-d08e24c2da887f91e71277c994396264\">\n.av_font_icon.av-zah7-d08e24c2da887f91e71277c994396264{\ncolor:#e30613;\nborder-color:#e30613;\n}\n.avia-svg-icon.av-zah7-d08e24c2da887f91e71277c994396264 svg:first-child{\nstroke:#e30613;\nfill:#e30613;\n}\n.av_font_icon.av-zah7-d08e24c2da887f91e71277c994396264 .av-icon-char{\nfont-size:28px;\nline-height:28px;\n}\n<\/style>\n<span  class='av_font_icon av-zah7-d08e24c2da887f91e71277c994396264 avia_animate_when_visible av-icon-style- avia-icon-pos-left avia-iconfont avia-font-entypo-fontello avia-icon-animate'><span class='av-icon-char' data-av_icon='\ue812' data-av_iconfont='entypo-fontello' aria-hidden=\"true\" ><\/span><\/span> <span class=\"align_text_left\">Livraison gratuite<br \/>\nPays-Bas \u00e0 partir de \u20ac 30,00<br \/>\nBelgique \u00e0 partir de \u20ac 50,00<br \/>\nLuxembourg \u00e0 partir de \u20ac 75,00<\/span><\/p>\n<\/div><\/section><br \/>\n<section  class='av_textblock_section av-jmaiza4i-e77864ccc61ee7194bc1f04c1b7fa84b '   itemscope=\"itemscope\" itemtype=\"https:\/\/schema.org\/CreativeWork\" ><div class='avia_textblock'  itemprop=\"text\" ><p>\n<style type=\"text\/css\" data-created_by=\"avia_inline_auto\" id=\"style-css-av-zah7-d08e24c2da887f91e71277c994396264\">\n.av_font_icon.av-zah7-d08e24c2da887f91e71277c994396264{\ncolor:#e30613;\nborder-color:#e30613;\n}\n.avia-svg-icon.av-zah7-d08e24c2da887f91e71277c994396264 svg:first-child{\nstroke:#e30613;\nfill:#e30613;\n}\n.av_font_icon.av-zah7-d08e24c2da887f91e71277c994396264 .av-icon-char{\nfont-size:28px;\nline-height:28px;\n}\n<\/style>\n<span  class='av_font_icon av-zah7-d08e24c2da887f91e71277c994396264 avia_animate_when_visible av-icon-style- avia-icon-pos-left avia-iconfont avia-font-entypo-fontello avia-icon-animate'><span class='av-icon-char' data-av_icon='\ue812' data-av_iconfont='entypo-fontello' aria-hidden=\"true\" ><\/span><\/span> <span class=\"align_text_left\">Frais de port en dehors du Benelux: \u20ac20,00 jusqu&rsquo;\u00e0 2 kg maximum.<\/span><\/p>\n<\/div><\/section><\/p><\/div><\/div><!--close column table wrapper. Autoclose: 1 --><\/div><\/div><\/div><!-- close content main div --><\/div><\/div><div id='after_section_3'  class='main_color av_default_container_wrap container_wrap sidebar_right'  ><div class='container av-section-cont-open' ><div class='template-page content  av-content-small alpha units'><div class='post-entry post-entry-type-page post-entry-1603'><div class='entry-content-wrapper clearfix'>\n","protected":false},"excerpt":{"rendered":"","protected":false},"author":1,"featured_media":0,"parent":0,"menu_order":5,"comment_status":"closed","ping_status":"closed","template":"","meta":{"_monsterinsights_skip_tracking":false,"_monsterinsights_sitenote_active":false,"_monsterinsights_sitenote_note":"","_monsterinsights_sitenote_category":0,"footnotes":""},"class_list":["post-1603","page","type-page","status-publish","hentry"],"_links":{"self":[{"href":"https:\/\/www.hgpowerglue.nl\/fr\/wp-json\/wp\/v2\/pages\/1603","targetHints":{"allow":["GET"]}}],"collection":[{"href":"https:\/\/www.hgpowerglue.nl\/fr\/wp-json\/wp\/v2\/pages"}],"about":[{"href":"https:\/\/www.hgpowerglue.nl\/fr\/wp-json\/wp\/v2\/types\/page"}],"author":[{"embeddable":true,"href":"https:\/\/www.hgpowerglue.nl\/fr\/wp-json\/wp\/v2\/users\/1"}],"replies":[{"embeddable":true,"href":"https:\/\/www.hgpowerglue.nl\/fr\/wp-json\/wp\/v2\/comments?post=1603"}],"version-history":[{"count":8,"href":"https:\/\/www.hgpowerglue.nl\/fr\/wp-json\/wp\/v2\/pages\/1603\/revisions"}],"predecessor-version":[{"id":2192,"href":"https:\/\/www.hgpowerglue.nl\/fr\/wp-json\/wp\/v2\/pages\/1603\/revisions\/2192"}],"wp:attachment":[{"href":"https:\/\/www.hgpowerglue.nl\/fr\/wp-json\/wp\/v2\/media?parent=1603"}],"curies":[{"name":"wp","href":"https:\/\/api.w.org\/{rel}","templated":true}]}}