{"id":1385,"date":"2018-10-19T11:33:34","date_gmt":"2018-10-19T09:33:34","guid":{"rendered":"http:\/\/www.hgpowerglue.nl\/product\/kit-de-reperation-hg-power-glue-colle\/"},"modified":"2019-08-27T10:31:45","modified_gmt":"2019-08-27T08:31:45","slug":"kit-de-reperation-hg-power-glue-colle","status":"publish","type":"product","link":"https:\/\/www.hgpowerglue.nl\/fr\/produit\/kit-de-reperation-hg-power-glue-colle\/","title":{"rendered":"SOUDURE DE LA BOUTEILLE 20G+40G"},"content":{"rendered":"<p>Contenu: 1 x colle industrielle 20 g, 1 x granulat 40 g<\/p>\n<p><strong>MODE D&rsquo;EMPLOI POUR LE KIT DE REPARATION DE COLLE<\/strong><\/p>\n<ol>\n<li>NETTOYAGE DES SURFACES<\/li>\n<\/ol>\n<p>La \u201cLasnaad uit de fles\u201d (la soudure de la bouteille) ne peut d\u00e9velopper sa pleine force de colle que si les pi\u00e8ces \u00e0 r\u00e9parer sont pr\u00e9par\u00e9es en cons\u00e9quence. Id\u00e9alement, la surface devrait \u00eatre rendue rugueuse avec du papier sabl\u00e9 ou une brosse m\u00e9tallique et toutes les salet\u00e9s nettoy\u00e9es. Il ne doit pas y avoir de r\u00e9sidus de poussi\u00e8re, de rouille, de graisse ou de colle et les surfaces de la colle doivent \u00eatre compl\u00e8tement s\u00e8ches. Ce n&rsquo;est qu&rsquo;alors que des valeurs d&rsquo;adh\u00e9rence \u00e9lev\u00e9es peuvent \u00eatre atteintes.<\/p>\n<ol start=\"2\">\n<li>SAUPOUDRER LE GRANULAT<\/li>\n<\/ol>\n<p>Les pi\u00e8ces \u00e0 coller sont ensuite assembl\u00e9es exactement au point de rupture et une fine couche de granulat est appliqu\u00e9e. La hauteur de la poudre ne doit pas d\u00e9passer 2 mm. Aucune r\u00e9action chimique n&rsquo;a lieu avant l&rsquo;ajout de la colle industrielle.<\/p>\n<ol start=\"3\">\n<li>APPLIQUER L&rsquo;ADH\u00c9SIF INDUSTRIEL<\/li>\n<\/ol>\n<p>Maintenant, la colle industrielle HG-Extreme 1.0 de la deuxi\u00e8me bouteille est soigneusement d\u00e9pos\u00e9e sur le granul\u00e9 jusqu&rsquo;\u00e0 ce que tous les granulats soient satur\u00e9s de colle. D\u00e8s que les deux composants entrent en contact, une r\u00e9action chimique se produit et de la chaleur est g\u00e9n\u00e9r\u00e9e. Nous recommandons toujours de souder les deux c\u00f4t\u00e9s de la fracture pour une durabilit\u00e9 maximale. Plus le processus de collage est r\u00e9p\u00e9t\u00e9 souvent, plus la connexion devient stable.<\/p>\n<ol start=\"4\">\n<li>CONNEXION DUR\u00c9E<\/li>\n<\/ol>\n<p>\u201cLasnaad uit de fles\u201d (la soudure de la bouteille) atteint son pouvoir adh\u00e9sif maximum apr\u00e8s seulement quelques secondes. Lorsque la r\u00e9action chimique est termin\u00e9e, le joint peut \u00eatre imm\u00e9diatement broy\u00e9, perc\u00e9 ou teint. La r\u00e9sistance finale de la fracture peut varier en fonction du mat\u00e9riau.<\/p>\n","protected":false},"excerpt":{"rendered":"<p><strong>Num\u00e9ro d\u2019article: 202040<\/strong><\/p>\n<p><strong>Convient \u00e0 presque tous les mat\u00e9riaux<\/strong><\/p>\n<p>Notre ensemble de r\u00e9paration de colle s&rsquo;appelle \u201cLasnaad uit de fles\u201d (soudure de la bouteille) pour une bonne raison. Le m\u00e9lange unique de granulat et de colle industrielle est bien plus efficace que les adh\u00e9sifs conventionnels et permet de \u00ab\u00a0casser\u00a0\u00bb, de fissurer et de remplir des trous et des trous comme aucune autre colle auparavant. Notre kit de r\u00e9paration de colle convient \u00e0 presque tous les mat\u00e9riaux et, avec un pr\u00e9traitement correct, il est extr\u00eamement r\u00e9sistant. La soudure de la bouteille \u00a0est r\u00e9sistant aux intemp\u00e9ries, au froid et \u00e0 la chaleur et imperm\u00e9able.<\/p>\n<p><strong>Deux composants pour une adh\u00e9rence maximale<\/strong><\/p>\n<p>La \u201cLasnaad uit de fles\u201d (soudure de la bouteille) est fournie dans deux bouteilles. L&rsquo;une contient la colle industrielle extr\u00eamement forte HG-Extreme 1.0, l&rsquo;autre le granulat sp\u00e9cialement adapt\u00e9. Seule la combinaison des deux composants entra\u00eene une r\u00e9action chimique qui lib\u00e8re une force adh\u00e9sive indescriptible. \u00c0 l&rsquo;aide du granulat, les pi\u00e8ces cass\u00e9es ou les fils peuvent \u00eatre remodel\u00e9s et m\u00eame broy\u00e9s.<\/p>\n<p>[av_font_icon icon='ue812' font='entypo-fontello' style='' caption='' link='' linktarget='' size='24px' position='left' color='#e30613' av_uid='av-8ujr' admin_preview_bg=''][\/av_font_icon] Appartient \u00e0 chaque bus de l&rsquo;entreprise<\/p>\n<p>[av_font_icon icon='ue812' font='entypo-fontello' style='' caption='' link='' linktarget='' size='24px' position='left' color='#e30613' av_uid='av-8ujr' admin_preview_bg=''][\/av_font_icon] Un bricoleur ne peut se passer de<\/p>\n<p>[av_font_icon icon='ue812' font='entypo-fontello' style='' caption='' link='' linktarget='' size='24px' position='left' color='#e30613' av_uid='av-8ujr' admin_preview_bg=''][\/av_font_icon] Soudage sans poste \u00e0 souder<\/p>\n<p>[av_font_icon icon='ue812' font='entypo-fontello' style='' caption='' link='' linktarget='' size='24px' position='left' color='#e30613' av_uid='av-8ujr' admin_preview_bg=''][\/av_font_icon] Utilisable apr\u00e8s ouverture pendant 2 ans<\/p>\n","protected":false},"featured_media":2685,"template":"","meta":{"_monsterinsights_skip_tracking":false,"_monsterinsights_sitenote_active":false,"_monsterinsights_sitenote_note":"","_monsterinsights_sitenote_category":0},"product_brand":[],"product_cat":[39],"product_tag":[],"class_list":{"0":"post-1385","1":"product","2":"type-product","3":"status-publish","4":"has-post-thumbnail","6":"product_cat-algemeen-fr","8":"first","9":"instock","10":"taxable","11":"shipping-taxable","12":"purchasable","13":"product-type-simple"},"_links":{"self":[{"href":"https:\/\/www.hgpowerglue.nl\/fr\/wp-json\/wp\/v2\/product\/1385","targetHints":{"allow":["GET"]}}],"collection":[{"href":"https:\/\/www.hgpowerglue.nl\/fr\/wp-json\/wp\/v2\/product"}],"about":[{"href":"https:\/\/www.hgpowerglue.nl\/fr\/wp-json\/wp\/v2\/types\/product"}],"wp:featuredmedia":[{"embeddable":true,"href":"https:\/\/www.hgpowerglue.nl\/fr\/wp-json\/wp\/v2\/media\/2685"}],"wp:attachment":[{"href":"https:\/\/www.hgpowerglue.nl\/fr\/wp-json\/wp\/v2\/media?parent=1385"}],"wp:term":[{"taxonomy":"product_brand","embeddable":true,"href":"https:\/\/www.hgpowerglue.nl\/fr\/wp-json\/wp\/v2\/product_brand?post=1385"},{"taxonomy":"product_cat","embeddable":true,"href":"https:\/\/www.hgpowerglue.nl\/fr\/wp-json\/wp\/v2\/product_cat?post=1385"},{"taxonomy":"product_tag","embeddable":true,"href":"https:\/\/www.hgpowerglue.nl\/fr\/wp-json\/wp\/v2\/product_tag?post=1385"}],"curies":[{"name":"wp","href":"https:\/\/api.w.org\/{rel}","templated":true}]}}