{"id":1412,"date":"2018-10-17T16:29:18","date_gmt":"2018-10-17T14:29:18","guid":{"rendered":"http:\/\/www.hgpowerglue.nl\/product\/hg-powerglue-extreme-6-pack-1-gratis\/"},"modified":"2019-07-31T14:50:36","modified_gmt":"2019-07-31T12:50:36","slug":"hg-powerglue-extreme-6-pack-1-gratis","status":"publish","type":"product","link":"https:\/\/www.hgpowerglue.nl\/fr\/produit\/hg-powerglue-extreme-6-pack-1-gratis\/","title":{"rendered":"HG POWER GLUE COLLE 6 PI\u00c8CES 20G + 1 GRATUIT"},"content":{"rendered":"<p>Contenu: 6 x + 1 x gratuit colle industrielle 20g<\/p>\n<p><strong>L&rsquo;APPLICATION DE LA COLLE INDUSTRIELLE HG<\/strong><\/p>\n<p>1. NETTOYAGE DE LA SURFACE<\/p>\n<p>Pour garantir une connexion sans faille et durable, il est essentiel d&rsquo;\u00e9liminer toutes les impuret\u00e9s de la coupure. Les pi\u00e8ces \u00e0 coller doivent \u00eatre s\u00e8ches, propres et exemptes de r\u00e9sidus de colle. Le nettoyant HG convient au nettoyage complet.<\/p>\n<p>2. APPLICATION DE LA COLLE INDUSTRIELLE<\/p>\n<p>Afin de garantir que la colle industrielle ne soit pas sale et qu&rsquo;aucun r\u00e9sidu de colle ind\u00e9sirable ne soit laiss\u00e9 derri\u00e8re, le HG Extreme doit \u00eatre dos\u00e9 de mani\u00e8re fine et pr\u00e9cise. La colle ne peut \u00eatre appliqu\u00e9e que d&rsquo;un c\u00f4t\u00e9 de la fracture.<\/p>\n<p>3. FUSIONNER DES PI\u00c8CES CASS\u00c9ES<\/p>\n<p>Une colle cyanoacrylate tire sa force d&rsquo;une forte pression de contact. Pour ce faire, les deux c\u00f4t\u00e9s \u00e0 coller doivent \u00eatre soigneusement assembl\u00e9s et compress\u00e9s avec pr\u00e9cision. Tant qu&rsquo;aucune pression n&rsquo;est appliqu\u00e9e, la colle reste fluide et de petites corrections peuvent \u00eatre apport\u00e9es.<\/p>\n<p>4. SECHEZ LA COLLE INDUSTRIELLE<\/p>\n<p>Sans m\u00e9langer le granulat ou un activateur de HG, la fracture doit rester non charg\u00e9e quelques minutes apr\u00e8s le collage, afin que la colle puisse d\u00e9velopper toute sa puissance. C&rsquo;est le seul moyen de garantir une connexion stable.<\/p>\n","protected":false},"excerpt":{"rendered":"<p><strong>Num\u00e9ro d\u2019article:<\/strong> <strong>300020<\/strong><\/p>\n<p>Colle industrielle \u00e0 force de colle maximale<\/p>\n<p>Notre colle industrielle HG-Extreme est un adh\u00e9sif de r\u00e9action sans solvant de la plus haute classe de puret\u00e9. Il appartient aux adh\u00e9sifs cyanoacrylates et polym\u00e9rise brusquement. Gr\u00e2ce \u00e0 cette vitesse de durcissement extr\u00eamement rapide, la colle HG-Industrial peut \u00eatre utilis\u00e9e universellement, mais les valeurs d&rsquo;adh\u00e9rence et la viscosit\u00e9 d\u00e9pendent du mat\u00e9riau.<\/p>\n<p>HG-Extreme: la colle industrielle qui colle presque tout.<\/p>\n<p>La polym\u00e9risation se fait par pression de contact. Il y a une exclusion imm\u00e9diate de l&rsquo;oxyg\u00e8ne et les mat\u00e9riaux tels que le m\u00e9tal, le caoutchouc, le bois, la c\u00e9ramique, la porcelaine, le verre, le plastique, la pierre, etc. sont imm\u00e9diatement super li\u00e9s. La connexion adh\u00e9sive reste limpide et flexible.<\/p>\n<p>La bonne combinaison fonctionne<\/p>\n<p>Certaines surfaces telles que le polypropyl\u00e8ne ou le poly\u00e9thyl\u00e8ne sont difficiles \u00e0 combiner avec la colle industrielle HG-Extreme. C&rsquo;est pourquoi nous avons sp\u00e9cialement d\u00e9velopp\u00e9 pour cette colle industrielle un appr\u00eat qui am\u00e9liore consid\u00e9rablement l&rsquo;adh\u00e9rence en tant qu&rsquo;adh\u00e9sif. En combinaison avec nos granulat, le HG-Extreme cr\u00e9e une force de collage sans pr\u00e9c\u00e9dent.<\/p>\n<p>[av_font_icon icon='ue812' font='entypo-fontello' style='' caption='' link='' linktarget='' size='24px' position='left' color='#e30613' av_uid='av-8ujr' admin_preview_bg=''][\/av_font_icon] Appartient \u00e0 chaque bus de l&rsquo;entreprise<\/p>\n<p>[av_font_icon icon='ue812' font='entypo-fontello' style='' caption='' link='' linktarget='' size='24px' position='left' color='#e30613' av_uid='av-8ujr' admin_preview_bg=''][\/av_font_icon] Un bricoleur ne peut se passer de<\/p>\n<p>[av_font_icon icon='ue812' font='entypo-fontello' style='' caption='' link='' linktarget='' size='24px' position='left' color='#e30613' av_uid='av-8ujr' admin_preview_bg=''][\/av_font_icon] Soudage sans poste \u00e0 souder<\/p>\n<p>[av_font_icon icon='ue812' font='entypo-fontello' style='' caption='' link='' linktarget='' size='24px' position='left' color='#e30613' av_uid='av-8ujr' admin_preview_bg=''][\/av_font_icon] Utilisable apr\u00e8s ouverture pendant 2 ans<\/p>\n","protected":false},"featured_media":583,"template":"","meta":{"_monsterinsights_skip_tracking":false,"_monsterinsights_sitenote_active":false,"_monsterinsights_sitenote_note":"","_monsterinsights_sitenote_category":0},"product_brand":[],"product_cat":[39],"product_tag":[],"class_list":{"0":"post-1412","1":"product","2":"type-product","3":"status-publish","4":"has-post-thumbnail","6":"product_cat-algemeen-fr","8":"first","9":"instock","10":"taxable","11":"shipping-taxable","12":"purchasable","13":"product-type-simple"},"_links":{"self":[{"href":"https:\/\/www.hgpowerglue.nl\/fr\/wp-json\/wp\/v2\/product\/1412","targetHints":{"allow":["GET"]}}],"collection":[{"href":"https:\/\/www.hgpowerglue.nl\/fr\/wp-json\/wp\/v2\/product"}],"about":[{"href":"https:\/\/www.hgpowerglue.nl\/fr\/wp-json\/wp\/v2\/types\/product"}],"wp:featuredmedia":[{"embeddable":true,"href":"https:\/\/www.hgpowerglue.nl\/fr\/wp-json\/wp\/v2\/media\/583"}],"wp:attachment":[{"href":"https:\/\/www.hgpowerglue.nl\/fr\/wp-json\/wp\/v2\/media?parent=1412"}],"wp:term":[{"taxonomy":"product_brand","embeddable":true,"href":"https:\/\/www.hgpowerglue.nl\/fr\/wp-json\/wp\/v2\/product_brand?post=1412"},{"taxonomy":"product_cat","embeddable":true,"href":"https:\/\/www.hgpowerglue.nl\/fr\/wp-json\/wp\/v2\/product_cat?post=1412"},{"taxonomy":"product_tag","embeddable":true,"href":"https:\/\/www.hgpowerglue.nl\/fr\/wp-json\/wp\/v2\/product_tag?post=1412"}],"curies":[{"name":"wp","href":"https:\/\/api.w.org\/{rel}","templated":true}]}}