{"id":1419,"date":"2018-10-17T16:13:08","date_gmt":"2018-10-17T14:13:08","guid":{"rendered":"http:\/\/www.hgpowerglue.nl\/product\/hg-powerglue-epoxy-stick\/"},"modified":"2019-07-31T16:44:45","modified_gmt":"2019-07-31T14:44:45","slug":"hg-powerglue-epoxy-stick","status":"publish","type":"product","link":"https:\/\/www.hgpowerglue.nl\/fr\/produit\/hg-powerglue-epoxy-stick\/","title":{"rendered":"HG POWER GLUE B\u00c2TON \u00c9POXY 56G"},"content":{"rendered":"<p>Contenu: 1 x b\u00e2ton \u00e9poxy 56 g<\/p>\n<p><strong>UTILISATION DU B\u00c2TON \u00c9POXY<\/strong><\/p>\n<p>1. DES SURFACES PROPRES<\/p>\n<p>Pour une adh\u00e9rence maximale, il est n\u00e9cessaire de nettoyer soigneusement la surface \u00e0 coller avant le traitement. Le nettoyeur HG est appropri\u00e9 pour cela.<\/p>\n<p>2. RETIRER LA FEUILLE<\/p>\n<p>Chaque stick \u00e9poxy est emball\u00e9 dans un film protecteur. Avant de traiter la masse malax\u00e9e, le film protecteur doit \u00eatre retir\u00e9 sans laisser de r\u00e9sidus.<\/p>\n<p>3. COUPER LA PI\u00c8CE<\/p>\n<p>En fonction des besoins, la quantit\u00e9 requise de mat\u00e9riau \u00e0 p\u00e9trir est coup\u00e9e avec un couteau tranchant.<\/p>\n<p>4. KITMASS KNEAD<\/p>\n<p>Pour s&rsquo;assurer que les ingr\u00e9dients sont bien m\u00e9lang\u00e9s et qu&rsquo;un compos\u00e9 polym\u00e8re est form\u00e9, la masse du kit de r\u00e9paration de d\u00e9coupe est malax\u00e9e manuellement. Nous vous recommandons de porter des gants pour le traitement. Lorsque le mat\u00e9riau se r\u00e9chauffe et prend une couleur uniforme, vous avez environ 3 \u00e0 4 minutes pour traiter l\u2019\u00e9poxy.<\/p>\n<p>5. AM\u00c9LIORER, R\u00c9PARER, SCELLER<\/p>\n<p>En fonction de l&rsquo;application, l&rsquo;\u00e9poxy malax\u00e9 est ensuite appliqu\u00e9 pour fermer, sceller ou r\u00e9parer des objets cass\u00e9s.<\/p>\n<p>6. DURCISSEMENT ET TRAITEMENT<\/p>\n<p>Comme toute colle, le compos\u00e9 \u00e9poxy a \u00e9galement besoin de temps pour gu\u00e9rir. Le mat\u00e9riau peut ensuite \u00eatre broy\u00e9, perc\u00e9 ou verni.<\/p>\n","protected":false},"excerpt":{"rendered":"<p><strong>Num\u00e9ro d\u2019article: ESU056<\/strong><\/p>\n<p>HG-B\u00e2ton \u00e9poxy pour des r\u00e9parations rapides et faciles<\/p>\n<p>Le b\u00e2ton \u00e9poxy est un kit de r\u00e9paration facile \u00e0 utiliser qui peut \u00eatre moul\u00e9 et malax\u00e9 manuellement. Cela le rend universellement applicable et id\u00e9al pour les r\u00e9parations et l&rsquo;assemblage \u00e0 long terme. Le compos\u00e9 polym\u00e8re r\u00e9sultant du malaxage est de force industrielle et se distingue par son application facile et rapide.<\/p>\n<p>Le polyvalent en \u00e9poxy<\/p>\n<p>Le b\u00e2ton \u00e9poxy convient aux travaux de restaurer et \u00e0 la r\u00e9paration de divers produits. M\u00eame pour fixer, joindre ou coller de la fibre de verre, du m\u00e9tal, du bois, du b\u00e9ton, du verre ou de la c\u00e9ramique, le stick \u00e9poxy est le bon choix. La durabilit\u00e9 du kit de r\u00e9paration est impressionnante. Le b\u00e2ton \u00e9poxy est la masse id\u00e9ale pour sceller, car il est \u00e9galement extr\u00eamement r\u00e9sistant sur les surfaces mouill\u00e9es et m\u00eame sous l&rsquo;eau. Le b\u00e2ton \u00e9poxy peut \u00e9galement tol\u00e9rer l&rsquo;huile, l&rsquo;essence et divers produits chimiques. Une fois que le mat\u00e9riau \u00e9poxy a durci, il peut facilement \u00eatre retrait\u00e9 (laqu\u00e9, perc\u00e9 ou ponc\u00e9)<\/p>\n<p>[av_font_icon icon='ue812' font='entypo-fontello' style='' caption='' link='' linktarget='' size='24px' position='left' color='#e30613' av_uid='av-8ujr' admin_preview_bg=''][\/av_font_icon] Appartient \u00e0 chaque bus de l&rsquo;entreprise<\/p>\n<p>[av_font_icon icon='ue812' font='entypo-fontello' style='' caption='' link='' linktarget='' size='24px' position='left' color='#e30613' av_uid='av-8ujr' admin_preview_bg=''][\/av_font_icon] Un bricoleur ne peut se passer de<\/p>\n<p>[av_font_icon icon='ue812' font='entypo-fontello' style='' caption='' link='' linktarget='' size='24px' position='left' color='#e30613' av_uid='av-8ujr' admin_preview_bg=''][\/av_font_icon] Soudage sans poste \u00e0 souder<\/p>\n<p>[av_font_icon icon='ue812' font='entypo-fontello' style='' caption='' link='' linktarget='' size='24px' position='left' color='#e30613' av_uid='av-8ujr' admin_preview_bg=''][\/av_font_icon] Utilisable apr\u00e8s ouverture pendant 2 ans<\/p>\n","protected":false},"featured_media":393,"template":"","meta":{"_monsterinsights_skip_tracking":false,"_monsterinsights_sitenote_active":false,"_monsterinsights_sitenote_note":"","_monsterinsights_sitenote_category":0},"product_brand":[],"product_cat":[39],"product_tag":[],"class_list":{"0":"post-1419","1":"product","2":"type-product","3":"status-publish","4":"has-post-thumbnail","6":"product_cat-algemeen-fr","8":"first","9":"instock","10":"taxable","11":"shipping-taxable","12":"purchasable","13":"product-type-simple"},"_links":{"self":[{"href":"https:\/\/www.hgpowerglue.nl\/fr\/wp-json\/wp\/v2\/product\/1419","targetHints":{"allow":["GET"]}}],"collection":[{"href":"https:\/\/www.hgpowerglue.nl\/fr\/wp-json\/wp\/v2\/product"}],"about":[{"href":"https:\/\/www.hgpowerglue.nl\/fr\/wp-json\/wp\/v2\/types\/product"}],"wp:featuredmedia":[{"embeddable":true,"href":"https:\/\/www.hgpowerglue.nl\/fr\/wp-json\/wp\/v2\/media\/393"}],"wp:attachment":[{"href":"https:\/\/www.hgpowerglue.nl\/fr\/wp-json\/wp\/v2\/media?parent=1419"}],"wp:term":[{"taxonomy":"product_brand","embeddable":true,"href":"https:\/\/www.hgpowerglue.nl\/fr\/wp-json\/wp\/v2\/product_brand?post=1419"},{"taxonomy":"product_cat","embeddable":true,"href":"https:\/\/www.hgpowerglue.nl\/fr\/wp-json\/wp\/v2\/product_cat?post=1419"},{"taxonomy":"product_tag","embeddable":true,"href":"https:\/\/www.hgpowerglue.nl\/fr\/wp-json\/wp\/v2\/product_tag?post=1419"}],"curies":[{"name":"wp","href":"https:\/\/api.w.org\/{rel}","templated":true}]}}