{"id":1421,"date":"2018-10-17T16:05:00","date_gmt":"2018-10-17T14:05:00","guid":{"rendered":"http:\/\/www.hgpowerglue.nl\/product\/hg-powerglue-granulaat\/"},"modified":"2019-08-06T16:41:38","modified_gmt":"2019-08-06T14:41:38","slug":"hg-powerglue-granulaat","status":"publish","type":"product","link":"https:\/\/www.hgpowerglue.nl\/fr\/produit\/hg-powerglue-granulaat\/","title":{"rendered":"HG POWER GLUE GRANULAT 40G"},"content":{"rendered":"<p>Contenu: 1 x granulat 40 g<\/p>\n<p><strong>UTILISATION DU GRANULAT<\/strong><\/p>\n<p>1. NETTOYER LES SURFACES SOIGNEUSEMENT<\/p>\n<p>Des miracles ne peuvent \u00eatre obtenus en soudant de la bouteille que si les surfaces sont pr\u00e9par\u00e9es correctement. Pour cela, le point de rupture doit \u00eatre exempt de toute salet\u00e9 et absolument sec. HG Cleaner est recommand\u00e9 pour cela. Les r\u00e9sidus de colle anciens doivent \u00e9galement \u00eatre \u00e9limin\u00e9s. Si n\u00e9cessaire, le point de rupture peut \u00e9galement \u00eatre rugueux.<\/p>\n<p>2. GRANULAT SPININKING<\/p>\n<p>Les 2 parties cass\u00e9es sont maintenant combin\u00e9es et le granulat est appliqu\u00e9 avec une hauteur de poudre de 2 mm. Dans le cas de fissures ou de fissures, le granulat est \u00e9galement finement saupoudr\u00e9. Sans la colle industrielle, il n&rsquo;y a pas de r\u00e9action chimique. Il est \u00e9galement possible de remplir un mat\u00e9riau manquant tel qu&rsquo;un trou avec des granul\u00e9s. Il suffit d&rsquo;utiliser du ruban adh\u00e9sif pour faire un coffrage. Chaque couche ne doit pas d\u00e9passer 2 mm.<\/p>\n<p>3. APPLIQUER L&rsquo;ADH\u00c9SIF<\/p>\n<p>Dans l&rsquo;\u00e9tape suivante, le granulat est imbib\u00e9 de quelques gouttes de colle. Il faut faire attention car les deux substances r\u00e9agissent l&rsquo;une avec l&rsquo;autre imm\u00e9diatement au contact. Le cordon de soudure devient plus r\u00e9sistant \u00e0 mesure que plus de couches de granul\u00e9s et de colle sont appliqu\u00e9es. Pour une adh\u00e9rence maximale, le joint doit \u00eatre appliqu\u00e9 \u00e0 l&rsquo;avant et \u00e0 l&rsquo;arri\u00e8re de la fracture.<\/p>\n<p>4. LAISSER GU\u00c9RIR LA COLLE \u201cLASNAAD UIT DE FLES\u201d (SOUDURE DE LA BOUTEILLE)<\/p>\n<p>\u201cLasnaad uit de fles (la soudure de la bouteille) est compl\u00e8tement durcie apr\u00e8s seulement quelques minutes et est incroyablement durable. La soudure peut \u00eatre usin\u00e9e et peinte m\u00e9caniquement. La r\u00e9sistance finale varie en fonction du mat\u00e9riau.<\/p>\n","protected":false},"excerpt":{"rendered":"<p><strong>Num\u00e9ro d\u2019article: 200040<\/strong><\/p>\n<p>Un granulat \u00e0 lier pour toujours.<\/p>\n<p>La poudre blanche et finement broy\u00e9e, associ\u00e9e au HG-Extreme, cr\u00e9e une colle industrielle et une soudure ultra-solide qui dure \u00e0 vie, m\u00eame sous des charges lourdes. La combinaison des deux composants entra\u00eene une r\u00e9action chimique, appel\u00e9e \u201cLasnaad uit de fles\u201d (soudure de la bouteille). Ce collage est plusieurs fois plus stable que les colles conventionnelles.<\/p>\n<p>Zones d&rsquo;application de la soudure de la bouteille<\/p>\n<p>Notre colle industrielle HG-Extreme, associ\u00e9e \u00e0 la poudre de soudage, relie en permanence presque tous les mat\u00e9riaux. Les trous et les fissures peuvent \u00e9galement \u00eatre coll\u00e9s sans effort et en toute s\u00e9curit\u00e9 avec la soudure de la bouteille. M\u00eame les mat\u00e9riaux ou les fils manquants peuvent \u00eatre r\u00e9par\u00e9s gr\u00e2ce \u00e0 cette combinaison unique, car la colle peut \u00eatre modifi\u00e9e m\u00e9caniquement apr\u00e8s le durcissement et peut m\u00eame \u00eatre broy\u00e9e, perc\u00e9e et peinte.<\/p>\n<p>[av_font_icon icon='ue812' font='entypo-fontello' style='' caption='' link='' linktarget='' size='24px' position='left' color='#e30613' av_uid='av-8ujr' admin_preview_bg=''][\/av_font_icon] Appartient \u00e0 chaque bus de l&rsquo;entreprise<\/p>\n<p>[av_font_icon icon='ue812' font='entypo-fontello' style='' caption='' link='' linktarget='' size='24px' position='left' color='#e30613' av_uid='av-8ujr' admin_preview_bg=''][\/av_font_icon] Un bricoleur ne peut se passer de<\/p>\n<p>[av_font_icon icon='ue812' font='entypo-fontello' style='' caption='' link='' linktarget='' size='24px' position='left' color='#e30613' av_uid='av-8ujr' admin_preview_bg=''][\/av_font_icon] Soudage sans poste \u00e0 souder<\/p>\n<p>[av_font_icon icon='ue812' font='entypo-fontello' style='' caption='' link='' linktarget='' size='24px' position='left' color='#e30613' av_uid='av-8ujr' admin_preview_bg=''][\/av_font_icon] Utilisable apr\u00e8s ouverture pendant 2 ans<\/p>\n","protected":false},"featured_media":731,"template":"","meta":{"_monsterinsights_skip_tracking":false,"_monsterinsights_sitenote_active":false,"_monsterinsights_sitenote_note":"","_monsterinsights_sitenote_category":0},"product_brand":[],"product_cat":[39],"product_tag":[],"class_list":{"0":"post-1421","1":"product","2":"type-product","3":"status-publish","4":"has-post-thumbnail","6":"product_cat-algemeen-fr","8":"first","9":"instock","10":"taxable","11":"shipping-taxable","12":"purchasable","13":"product-type-simple"},"_links":{"self":[{"href":"https:\/\/www.hgpowerglue.nl\/fr\/wp-json\/wp\/v2\/product\/1421","targetHints":{"allow":["GET"]}}],"collection":[{"href":"https:\/\/www.hgpowerglue.nl\/fr\/wp-json\/wp\/v2\/product"}],"about":[{"href":"https:\/\/www.hgpowerglue.nl\/fr\/wp-json\/wp\/v2\/types\/product"}],"wp:featuredmedia":[{"embeddable":true,"href":"https:\/\/www.hgpowerglue.nl\/fr\/wp-json\/wp\/v2\/media\/731"}],"wp:attachment":[{"href":"https:\/\/www.hgpowerglue.nl\/fr\/wp-json\/wp\/v2\/media?parent=1421"}],"wp:term":[{"taxonomy":"product_brand","embeddable":true,"href":"https:\/\/www.hgpowerglue.nl\/fr\/wp-json\/wp\/v2\/product_brand?post=1421"},{"taxonomy":"product_cat","embeddable":true,"href":"https:\/\/www.hgpowerglue.nl\/fr\/wp-json\/wp\/v2\/product_cat?post=1421"},{"taxonomy":"product_tag","embeddable":true,"href":"https:\/\/www.hgpowerglue.nl\/fr\/wp-json\/wp\/v2\/product_tag?post=1421"}],"curies":[{"name":"wp","href":"https:\/\/api.w.org\/{rel}","templated":true}]}}