{"id":1495,"date":"2018-10-17T15:50:42","date_gmt":"2018-10-17T13:50:42","guid":{"rendered":"http:\/\/www.hgpowerglue.nl\/product\/hg-powerglue-activator-spray\/"},"modified":"2019-08-06T15:18:31","modified_gmt":"2019-08-06T13:18:31","slug":"hg-powerglue-activator-spray","status":"publish","type":"product","link":"https:\/\/www.hgpowerglue.nl\/fr\/produit\/hg-powerglue-activator-spray\/","title":{"rendered":"HG Power Glue activateur spray 200ml"},"content":{"rendered":"<p>Contenu: 1 x activateur 200ml<\/p>\n<h4>L&rsquo;APPLICATION DU SPRAY HG ACTIVATOR<\/h4>\n<p>1. APPLICATION DE L&rsquo;ACTIVATEUR<\/p>\n<p>L&rsquo;acc\u00e9l\u00e9rateur de durcissement peut \u00eatre appliqu\u00e9 avant et apr\u00e8s le collage. Dans l&rsquo;application de collage, l&rsquo;activateur est pulv\u00e9ris\u00e9 sur un c\u00f4t\u00e9 de la fracture et la colle est coll\u00e9e sur l&rsquo;autre c\u00f4t\u00e9 avant que les deux c\u00f4t\u00e9s ne soient assembl\u00e9s. Si l&rsquo;activateur n&rsquo;est appliqu\u00e9 qu&rsquo;apr\u00e8s le collage, la colle HG-Industrial n&rsquo;est appliqu\u00e9e que sur un c\u00f4t\u00e9. Parce que les deux c\u00f4t\u00e9s sont joints, la colle entre en contact avec l&rsquo;acc\u00e9l\u00e9rateur de durcissement.<\/p>\n<p>2. CURE<\/p>\n<p>La fracture est coll\u00e9e \u00e0 la main apr\u00e8s quelques secondes.<\/p>\n","protected":false},"excerpt":{"rendered":"<p><strong>Num\u00e9ro d\u2019article: 400200<\/strong><\/p>\n<p>HG activator &#8211; l&rsquo;acc\u00e9l\u00e9rateur de durcissement pour les professionnels<\/p>\n<p>Les adh\u00e9sifs industriels sont tr\u00e8s efficaces en raison de l&rsquo;\u00e9limination compl\u00e8te de l&rsquo;oxyg\u00e8ne. Ceci est r\u00e9alis\u00e9 par pression de contact. Certains mat\u00e9riaux tels que la porcelaine, la pierre, les carreaux, le bois ou la c\u00e9ramique ont souvent besoin de quelques heures pour durcir compl\u00e8tement sans granul\u00e9s. Ou bien il s\u2019agit de surfaces tr\u00e8s poreuses, tr\u00e8s petites ou ne correspondant pas exactement, de sorte que vous ne pouvez pas exercer de pression de contact. Dans ces cas aussi, l&rsquo;activateur hg r\u00e9alise une liaison tr\u00e8s rapide. Notre acc\u00e9l\u00e9rateur de durcissement est sp\u00e9cialement adapt\u00e9 \u00e0 notre colle industrielle HG. La fracture est coll\u00e9e \u00e0 la main apr\u00e8s quelques secondes.<\/p>\n<p>[av_font_icon icon='ue812' font='entypo-fontello' style='' caption='' link='' linktarget='' size='24px' position='left' color='#e30613' av_uid='av-8ujr' admin_preview_bg=''][\/av_font_icon] Appartient \u00e0 chaque bus de l&rsquo;entreprise<\/p>\n<p>[av_font_icon icon='ue812' font='entypo-fontello' style='' caption='' link='' linktarget='' size='24px' position='left' color='#e30613' av_uid='av-8ujr' admin_preview_bg=''][\/av_font_icon] Un bricoleur ne peut se passer de<\/p>\n<p>[av_font_icon icon='ue812' font='entypo-fontello' style='' caption='' link='' linktarget='' size='24px' position='left' color='#e30613' av_uid='av-8ujr' admin_preview_bg=''][\/av_font_icon] Soudage sans poste \u00e0 souder<\/p>\n<p>[av_font_icon icon='ue812' font='entypo-fontello' style='' caption='' link='' linktarget='' size='24px' position='left' color='#e30613' av_uid='av-8ujr' admin_preview_bg=''][\/av_font_icon] Utilisable apr\u00e8s ouverture pendant 2 ans<\/p>\n","protected":false},"featured_media":375,"template":"","meta":{"_monsterinsights_skip_tracking":false,"_monsterinsights_sitenote_active":false,"_monsterinsights_sitenote_note":"","_monsterinsights_sitenote_category":0},"product_brand":[],"product_cat":[39],"product_tag":[],"class_list":{"0":"post-1495","1":"product","2":"type-product","3":"status-publish","4":"has-post-thumbnail","6":"product_cat-algemeen-fr","8":"first","9":"instock","10":"taxable","11":"shipping-taxable","12":"purchasable","13":"product-type-simple"},"_links":{"self":[{"href":"https:\/\/www.hgpowerglue.nl\/fr\/wp-json\/wp\/v2\/product\/1495","targetHints":{"allow":["GET"]}}],"collection":[{"href":"https:\/\/www.hgpowerglue.nl\/fr\/wp-json\/wp\/v2\/product"}],"about":[{"href":"https:\/\/www.hgpowerglue.nl\/fr\/wp-json\/wp\/v2\/types\/product"}],"wp:featuredmedia":[{"embeddable":true,"href":"https:\/\/www.hgpowerglue.nl\/fr\/wp-json\/wp\/v2\/media\/375"}],"wp:attachment":[{"href":"https:\/\/www.hgpowerglue.nl\/fr\/wp-json\/wp\/v2\/media?parent=1495"}],"wp:term":[{"taxonomy":"product_brand","embeddable":true,"href":"https:\/\/www.hgpowerglue.nl\/fr\/wp-json\/wp\/v2\/product_brand?post=1495"},{"taxonomy":"product_cat","embeddable":true,"href":"https:\/\/www.hgpowerglue.nl\/fr\/wp-json\/wp\/v2\/product_cat?post=1495"},{"taxonomy":"product_tag","embeddable":true,"href":"https:\/\/www.hgpowerglue.nl\/fr\/wp-json\/wp\/v2\/product_tag?post=1495"}],"curies":[{"name":"wp","href":"https:\/\/api.w.org\/{rel}","templated":true}]}}