{"id":1500,"date":"2018-10-10T16:56:17","date_gmt":"2018-10-10T14:56:17","guid":{"rendered":"http:\/\/www.hgpowerglue.nl\/product\/hg-powerglue-cleaner\/"},"modified":"2019-08-06T16:53:42","modified_gmt":"2019-08-06T14:53:42","slug":"hg-powerglue-cleaner","status":"publish","type":"product","link":"https:\/\/www.hgpowerglue.nl\/fr\/produit\/hg-powerglue-cleaner\/","title":{"rendered":"HG Power Glue cleaner 20ml"},"content":{"rendered":"<p>Contenu: 1 x Cleaner 20 gl<\/p>\n<h4>L&rsquo;APPLICATION DU\u00a0 HG-CLEANER<\/h4>\n<p>1. ESSAI DE FITNESS<\/p>\n<p>Les mat\u00e9riaux doivent \u00eatre test\u00e9s pour v\u00e9rifier leur compatibilit\u00e9 avant l&rsquo;application du nettoyant hautement concentr\u00e9. Pour ce faire, il est pr\u00e9f\u00e9rable de tester une petite quantit\u00e9 sur la surface et de l&rsquo;\u00e9liminer imm\u00e9diatement en cas de r\u00e9action ind\u00e9sirable.<\/p>\n<p>2. FACULTATIF: ENL\u00c8VEMENT D&rsquo;ADH\u00c9SIF<\/p>\n<p>Si des r\u00e9sidus de colle doivent encore \u00eatre \u00e9limin\u00e9s sur la fracture, appliquez quelques gouttes de nettoyant sur les anciennes. Le nettoyeur doit se retirer pendant quelques minutes et liqu\u00e9fier les restes. Ceux-ci peuvent ensuite \u00eatre facilement enlev\u00e9s avec un chiffon propre.<\/p>\n<p>3. NETTOYAGE DE BASE<\/p>\n<p>Quelques gouttes de nettoyant sont appliqu\u00e9es sur les pi\u00e8ces \u00e0 nettoyer (au point o\u00f9 la connexion est coll\u00e9e) Pour obtenir une liaison solide, il est essentiel d\u2019utiliser un chiffon propre et d\u2019enlever compl\u00e8tement le nettoyant et la salet\u00e9. Toute contamination d\u00e9t\u00e9riore la stabilit\u00e9 de la liaison adh\u00e9sive.<\/p>\n","protected":false},"excerpt":{"rendered":"<p><strong>Num\u00e9ro d\u2019article: 500020<\/strong><\/p>\n<p>Nettoyer avec le HG-Cleaner et \u00e9liminer les r\u00e9sidus.<\/p>\n<p>Notre nettoyant hautement concentr\u00e9 convient \u00e0 2 objectifs. Premi\u00e8rement, il pr\u00e9serve les surfaces \u00e0 coller de toute contamination et, deuxi\u00e8mement, il \u00e9limine les r\u00e9sidus de colle tenaces. Ce n\u2019est que par ce processus de nettoyage qu\u2019une connexion durable et stable peut \u00eatre \u00e9tablie.<\/p>\n<p>Ce que vous pouvez enlever avec le nettoyant<\/p>\n<p>Pour que le collage soit r\u00e9ussi, la surface de la fracture doit \u00eatre nettoy\u00e9e de toute salissure. Pollutions telles que huiles, graisses, humidit\u00e9, rouille, poussi\u00e8re. De plus, le nettoyant \u00e9limine facilement et rapidement les r\u00e9sidus de colle sur les surfaces \u00e0 coller ou les r\u00e9sidus durcis sur la peau, le textile ou la table.<\/p>\n<p>[av_font_icon icon='ue812' font='entypo-fontello' style='' caption='' link='' linktarget='' size='24px' position='left' color='#e30613' av_uid='av-8ujr' admin_preview_bg=''][\/av_font_icon] Appartient \u00e0 chaque bus de l&rsquo;entreprise<\/p>\n<p>[av_font_icon icon='ue812' font='entypo-fontello' style='' caption='' link='' linktarget='' size='24px' position='left' color='#e30613' av_uid='av-8ujr' admin_preview_bg=''][\/av_font_icon] Un bricoleur ne peut se passer de<\/p>\n<p>[av_font_icon icon='ue812' font='entypo-fontello' style='' caption='' link='' linktarget='' size='24px' position='left' color='#e30613' av_uid='av-8ujr' admin_preview_bg=''][\/av_font_icon] Soudage sans poste \u00e0 souder<\/p>\n<p>[av_font_icon icon='ue812' font='entypo-fontello' style='' caption='' link='' linktarget='' size='24px' position='left' color='#e30613' av_uid='av-8ujr' admin_preview_bg=''][\/av_font_icon] Utilisable apr\u00e8s ouverture pendant 2 ans<\/p>\n","protected":false},"featured_media":331,"template":"","meta":{"_monsterinsights_skip_tracking":false,"_monsterinsights_sitenote_active":false,"_monsterinsights_sitenote_note":"","_monsterinsights_sitenote_category":0},"product_brand":[],"product_cat":[39],"product_tag":[],"class_list":{"0":"post-1500","1":"product","2":"type-product","3":"status-publish","4":"has-post-thumbnail","6":"product_cat-algemeen-fr","8":"first","9":"instock","10":"taxable","11":"shipping-taxable","12":"purchasable","13":"product-type-simple"},"_links":{"self":[{"href":"https:\/\/www.hgpowerglue.nl\/fr\/wp-json\/wp\/v2\/product\/1500","targetHints":{"allow":["GET"]}}],"collection":[{"href":"https:\/\/www.hgpowerglue.nl\/fr\/wp-json\/wp\/v2\/product"}],"about":[{"href":"https:\/\/www.hgpowerglue.nl\/fr\/wp-json\/wp\/v2\/types\/product"}],"wp:featuredmedia":[{"embeddable":true,"href":"https:\/\/www.hgpowerglue.nl\/fr\/wp-json\/wp\/v2\/media\/331"}],"wp:attachment":[{"href":"https:\/\/www.hgpowerglue.nl\/fr\/wp-json\/wp\/v2\/media?parent=1500"}],"wp:term":[{"taxonomy":"product_brand","embeddable":true,"href":"https:\/\/www.hgpowerglue.nl\/fr\/wp-json\/wp\/v2\/product_brand?post=1500"},{"taxonomy":"product_cat","embeddable":true,"href":"https:\/\/www.hgpowerglue.nl\/fr\/wp-json\/wp\/v2\/product_cat?post=1500"},{"taxonomy":"product_tag","embeddable":true,"href":"https:\/\/www.hgpowerglue.nl\/fr\/wp-json\/wp\/v2\/product_tag?post=1500"}],"curies":[{"name":"wp","href":"https:\/\/api.w.org\/{rel}","templated":true}]}}