{"id":1502,"date":"2018-10-10T16:48:38","date_gmt":"2018-10-10T14:48:38","guid":{"rendered":"http:\/\/www.hgpowerglue.nl\/product\/hg-powerglue-primer\/"},"modified":"2019-08-06T17:01:18","modified_gmt":"2019-08-06T15:01:18","slug":"hg-powerglue-primer","status":"publish","type":"product","link":"https:\/\/www.hgpowerglue.nl\/fr\/produit\/hg-powerglue-primer\/","title":{"rendered":"HG Power Glue primer 15ml"},"content":{"rendered":"<p>Contenu: 1 x appr\u00eat (primer) 15 ml<\/p>\n<h4>APPLICATION HG-PRIMER (appr\u00eat)<\/h4>\n<ol>\n<li>SURFACES SUR RAIL ET APPLIQUER L&rsquo;APPR\u00caT<\/li>\n<\/ol>\n<p>Pour permettre au liquide provenant de l&rsquo;appr\u00eat de p\u00e9n\u00e9trer profond\u00e9ment, il est important de rendre la surface rugueuse \u00e0 coller. Une fine couche d&rsquo;appr\u00eat est ensuite appliqu\u00e9e directement sur le site de fracture \u00e0 l&rsquo;aide du pinceau. Le liquide modifie alors chimiquement la structure de la surface.<\/p>\n<p>2. PROCESSUS ADH\u00c9SIF D&rsquo;ACHAT<\/p>\n<p>Apr\u00e8s quelques secondes, l&rsquo;amorce HG a termin\u00e9 son travail et s&rsquo;est \u00e9vapor\u00e9e. Le processus de collage peut maintenant \u00eatre effectu\u00e9 comme d&rsquo;habitude. Il faut toutefois prendre en compte qu&rsquo;apr\u00e8s l&rsquo;utilisation de l&rsquo;appr\u00eat, la r\u00e9sistance finale r\u00e9elle de la liaison ne sera atteinte qu&rsquo;au bout de 24 heures.<\/p>\n<p>&nbsp;<\/p>\n","protected":false},"excerpt":{"rendered":"<p><strong>Num\u00e9ro d\u2019article: 300015<\/strong><\/p>\n<p><strong>Qu&rsquo;est-ce qu&rsquo;un appr\u00eat maintenant?<\/strong><\/p>\n<p>Il existe sur le march\u00e9 de nombreux types de plastiques difficiles \u00e0 coller. Cela est d\u00fb \u00e0 la couche de cire de ces plastiques. Ceux-ci incluent, par exemple, le PE ou le PP (est largement utilis\u00e9 dans les jouets pour enfants, les contenants pour aliments, etc.)<\/p>\n<p>Si l\u2019on essaie de coller de tels plastiques sans appr\u00eat, on n\u2019obtient que peu d\u2019adh\u00e9rence, mais pas de bon collage.<\/p>\n<p>Avec cet appr\u00eat, vous avez la possibilit\u00e9 de coller fermement des mat\u00e9riaux m\u00eame cireux tels que le PE ou le PP.<\/p>\n<p><strong>Notre conseil \u00e0 vous:<\/strong><\/p>\n<p>Nous recommandons cet appr\u00eat pour chaque Lasnaad uit de fles (soudure de la bouteille) &#8211; car il viendra un moment o\u00f9 vous rencontrerez de tels plastiques &#8211; et sans cet appr\u00eat, il n\u2019est pas possible de coller avec succ\u00e8s ces plastiques.<\/p>\n<p>PS. L&rsquo;appr\u00eat n&rsquo;a pas de date d&rsquo;expiration et est 20% moins cher dans l&rsquo;ensemble avec la soudure de la bouteille.<\/p>\n<p>[av_font_icon icon='ue812' font='entypo-fontello' style='' caption='' link='' linktarget='' size='24px' position='left' color='#e30613' av_uid='av-8ujr' admin_preview_bg=''][\/av_font_icon] Appartient \u00e0 chaque bus de l&rsquo;entreprise<\/p>\n<p>[av_font_icon icon='ue812' font='entypo-fontello' style='' caption='' link='' linktarget='' size='24px' position='left' color='#e30613' av_uid='av-8ujr' admin_preview_bg=''][\/av_font_icon] Un bricoleur ne peut se passer de<\/p>\n<p>[av_font_icon icon='ue812' font='entypo-fontello' style='' caption='' link='' linktarget='' size='24px' position='left' color='#e30613' av_uid='av-8ujr' admin_preview_bg=''][\/av_font_icon] Soudage sans poste \u00e0 soudert<\/p>\n<p>[av_font_icon icon='ue812' font='entypo-fontello' style='' caption='' link='' linktarget='' size='24px' position='left' color='#e30613' av_uid='av-8ujr' admin_preview_bg=''][\/av_font_icon] Utilisable apr\u00e8s ouverture pendant 2 ans<\/p>\n","protected":false},"featured_media":324,"template":"","meta":{"_monsterinsights_skip_tracking":false,"_monsterinsights_sitenote_active":false,"_monsterinsights_sitenote_note":"","_monsterinsights_sitenote_category":0},"product_brand":[],"product_cat":[39],"product_tag":[],"class_list":{"0":"post-1502","1":"product","2":"type-product","3":"status-publish","4":"has-post-thumbnail","6":"product_cat-algemeen-fr","8":"first","9":"instock","10":"taxable","11":"shipping-taxable","12":"purchasable","13":"product-type-simple"},"_links":{"self":[{"href":"https:\/\/www.hgpowerglue.nl\/fr\/wp-json\/wp\/v2\/product\/1502","targetHints":{"allow":["GET"]}}],"collection":[{"href":"https:\/\/www.hgpowerglue.nl\/fr\/wp-json\/wp\/v2\/product"}],"about":[{"href":"https:\/\/www.hgpowerglue.nl\/fr\/wp-json\/wp\/v2\/types\/product"}],"wp:featuredmedia":[{"embeddable":true,"href":"https:\/\/www.hgpowerglue.nl\/fr\/wp-json\/wp\/v2\/media\/324"}],"wp:attachment":[{"href":"https:\/\/www.hgpowerglue.nl\/fr\/wp-json\/wp\/v2\/media?parent=1502"}],"wp:term":[{"taxonomy":"product_brand","embeddable":true,"href":"https:\/\/www.hgpowerglue.nl\/fr\/wp-json\/wp\/v2\/product_brand?post=1502"},{"taxonomy":"product_cat","embeddable":true,"href":"https:\/\/www.hgpowerglue.nl\/fr\/wp-json\/wp\/v2\/product_cat?post=1502"},{"taxonomy":"product_tag","embeddable":true,"href":"https:\/\/www.hgpowerglue.nl\/fr\/wp-json\/wp\/v2\/product_tag?post=1502"}],"curies":[{"name":"wp","href":"https:\/\/api.w.org\/{rel}","templated":true}]}}