{"id":1560,"date":"2018-10-10T16:14:54","date_gmt":"2018-10-10T14:14:54","guid":{"rendered":"http:\/\/www.hgpowerglue.nl\/product\/hg-powerglue-lijmkoffer-xxl\/"},"modified":"2019-08-09T16:20:27","modified_gmt":"2019-08-09T14:20:27","slug":"hg-powerglue-lijmkoffer-xxl","status":"publish","type":"product","link":"https:\/\/www.hgpowerglue.nl\/fr\/produit\/hg-powerglue-lijmkoffer-xxl\/","title":{"rendered":"HG POWER GLUE COFFRE \u00c0 COLLE XXL"},"content":{"rendered":"<p>Contenu: 1 x valise portable, 1 x colle industrielle 20g, 1 x granulat 40g, 1 x nettoyant 20 ml, 1 x appr\u00eat 15 ml, 1 x activateur avec pinceau 15 ml, 1 x activateur en a\u00e9rosol 200 ml, 1 x b\u00e2ton \u00e9poxy 56g<\/p>\n","protected":false},"excerpt":{"rendered":"<p><strong>Num\u00e9ro d\u2019article: KS20001<\/strong><\/p>\n<p>Contenu: 1 x valise portable, 1 x colle industrielle 20g, 1 x granulat 40g, 1 x nettoyant 20 ml, 1 x appr\u00eat 15 ml, 1 x activateur avec pinceau 15 ml, 1 x activateur en a\u00e9rosol 200 ml, 1 x b\u00e2ton \u00e9poxy 56g<\/p>\n<p>Les 4 avantages les plus importants en un coup d&rsquo;\u0153il!<\/p>\n<p>BON CADEAU QUALITATIF: La valise est un cadeau id\u00e9al, que ce soit pour les campeurs, les monteurs, les maquettistes ou un p\u00e8re de famille. Il est rempli de tout ce dont on a besoin en cas d&rsquo;urgence<\/p>\n<p>LE MEILLEUR CHOIX POUR DE NOMBREUSES R\u00c9PARATIONS: Qu&rsquo;il s&rsquo;agisse d&rsquo;une semelle de chaussure bris\u00e9e, de porcelaine bris\u00e9e, de citernes qui fuient ou de r\u00e9parations de voitures, de motos ou de jouets pour enfants, cette mallette vous offre toujours tout ce dont vous avez besoin d&rsquo;espace.<\/p>\n<p>QUALIT\u00c9 SUP\u00c9RIEURE: Le bo\u00eetier est \u00e9quip\u00e9 de produits de haute qualit\u00e9 avec lesquels vous avez le bon produit disponible pour presque toutes les applications.<\/p>\n<p>L\u00c9GER ET PORTABLE: La mallette robuste est facile \u00e0 transporter, vous avez donc toujours tout sous la main en cas de r\u00e9paration.<\/p>\n<p>&nbsp;<\/p>\n<p>&nbsp;<\/p>\n<p>[av_font_icon icon='ue812' font='entypo-fontello' style='' caption='' link='' linktarget='' size='24px' position='left' color='#e30613' av_uid='av-8ujr' admin_preview_bg=''][\/av_font_icon] Appartient \u00e0 chaque bus de l&rsquo;entreprise<\/p>\n<p>[av_font_icon icon='ue812' font='entypo-fontello' style='' caption='' link='' linktarget='' size='24px' position='left' color='#e30613' av_uid='av-8ujr' admin_preview_bg=''][\/av_font_icon] Appartient \u00e0 chaque bus de l&rsquo;entreprise<\/p>\n<p>[av_font_icon icon='ue812' font='entypo-fontello' style='' caption='' link='' linktarget='' size='24px' position='left' color='#e30613' av_uid='av-8ujr' admin_preview_bg=''][\/av_font_icon] Soudage sans poste \u00e0 souder<\/p>\n<p>[av_font_icon icon='ue812' font='entypo-fontello' style='' caption='' link='' linktarget='' size='24px' position='left' color='#e30613' av_uid='av-8ujr' admin_preview_bg=''][\/av_font_icon] Utilisable apr\u00e8s ouverture pendant 2 ans<\/p>\n","protected":false},"featured_media":314,"template":"","meta":{"_monsterinsights_skip_tracking":false,"_monsterinsights_sitenote_active":false,"_monsterinsights_sitenote_note":"","_monsterinsights_sitenote_category":0},"product_brand":[],"product_cat":[39],"product_tag":[],"class_list":{"0":"post-1560","1":"product","2":"type-product","3":"status-publish","4":"has-post-thumbnail","6":"product_cat-algemeen-fr","8":"first","9":"instock","10":"taxable","11":"shipping-taxable","12":"purchasable","13":"product-type-simple"},"_links":{"self":[{"href":"https:\/\/www.hgpowerglue.nl\/fr\/wp-json\/wp\/v2\/product\/1560","targetHints":{"allow":["GET"]}}],"collection":[{"href":"https:\/\/www.hgpowerglue.nl\/fr\/wp-json\/wp\/v2\/product"}],"about":[{"href":"https:\/\/www.hgpowerglue.nl\/fr\/wp-json\/wp\/v2\/types\/product"}],"wp:featuredmedia":[{"embeddable":true,"href":"https:\/\/www.hgpowerglue.nl\/fr\/wp-json\/wp\/v2\/media\/314"}],"wp:attachment":[{"href":"https:\/\/www.hgpowerglue.nl\/fr\/wp-json\/wp\/v2\/media?parent=1560"}],"wp:term":[{"taxonomy":"product_brand","embeddable":true,"href":"https:\/\/www.hgpowerglue.nl\/fr\/wp-json\/wp\/v2\/product_brand?post=1560"},{"taxonomy":"product_cat","embeddable":true,"href":"https:\/\/www.hgpowerglue.nl\/fr\/wp-json\/wp\/v2\/product_cat?post=1560"},{"taxonomy":"product_tag","embeddable":true,"href":"https:\/\/www.hgpowerglue.nl\/fr\/wp-json\/wp\/v2\/product_tag?post=1560"}],"curies":[{"name":"wp","href":"https:\/\/api.w.org\/{rel}","templated":true}]}}