{"id":1562,"date":"2018-10-04T16:58:06","date_gmt":"2018-10-04T14:58:06","guid":{"rendered":"http:\/\/www.hgpowerglue.nl\/product\/hg-powerglue-kunststof-reparatie-set-ii\/"},"modified":"2020-05-01T16:31:50","modified_gmt":"2020-05-01T14:31:50","slug":"hg-powerglue-kunststof-reparatie-set-ii","status":"publish","type":"product","link":"https:\/\/www.hgpowerglue.nl\/fr\/produit\/hg-powerglue-kunststof-reparatie-set-ii\/","title":{"rendered":"SOUDURE DE LA BOUTEILLE SET DE REPARATION PLASTIQUE II"},"content":{"rendered":"<p>Contenu: 1 x colle industrielle 20g, 1 x granulat 40g, 1 x HG Primer (l\u2019apr\u00eat), 1 x HG-Cleaner 20g<\/p>\n<h4>MODE D&rsquo;EMPLOI POUR LE KIT DE REPARATION DE COLLE<\/h4>\n<p>1. NETTOYAGE DES SURFACES AVEC LE HG-CLEANER<\/p>\n<ul>\n<li>essai de fitness<\/li>\n<\/ul>\n<p>Les mat\u00e9riaux doivent \u00eatre test\u00e9s pour v\u00e9rifier leur compatibilit\u00e9 avant l\u2019application du nettoyant hautement concentr\u00e9. Pour ce faire, il est pr\u00e9f\u00e9rable de tester une petite quantit\u00e9 sur la surface et de l\u2019\u00e9liminer imm\u00e9diatement en cas de r\u00e9action ind\u00e9sirable.<\/p>\n<ul>\n<li>facultatif: enl\u00e8ment d&rsquo;adh\u00e9sif<\/li>\n<\/ul>\n<p>Si des r\u00e9sidus de colle doivent encore \u00eatre \u00e9limin\u00e9s sur la fracture, appliquez quelques gouttes de nettoyant sur les anciennes. Le nettoyeur doit se retirer pendant quelques minutes et liqu\u00e9fier les restes. Ceux-ci peuvent ensuite \u00eatre facilement enlev\u00e9s avec un chiffon propre.<\/p>\n<ul>\n<li>nettoyage de base<\/li>\n<\/ul>\n<p>Quelques gouttes de nettoyant sont appliqu\u00e9es sur les pi\u00e8ces \u00e0 nettoyer (au point o\u00f9 la connexion est coll\u00e9e) Pour obtenir une liaison solide, il est essentiel d\u2019utiliser un chiffon propre et d\u2019enlever compl\u00e8tement le nettoyant et la salet\u00e9. Toute contamination d\u00e9t\u00e9riore la stabilit\u00e9 de la liaison adh\u00e9sive.<\/p>\n<p>La \u201cLasnaad uit de fles\u201d (soudure de la bouteille) ne peut d\u00e9velopper sa pleine force de colle que si les pi\u00e8ces \u00e0 r\u00e9parer sont pr\u00e9par\u00e9es en cons\u00e9quence. Id\u00e9alement, la surface devrait \u00eatre rendue rugueuse avec du papier sabl\u00e9 ou une brosse m\u00e9tallique et toutes les salet\u00e9s nettoy\u00e9es. Il ne doit pas y avoir de r\u00e9sidus de poussi\u00e8re, de rouille, de graisse ou de colle et les surfaces de la colle doivent \u00eatre compl\u00e8tement s\u00e8ches. Ce n&rsquo;est qu&rsquo;alors que des valeurs d&rsquo;adh\u00e9rence \u00e9lev\u00e9es peuvent \u00eatre atteintes.<\/p>\n<p>2. APPLICATION HG-PRIMER (APPR\u00caT)\u00a0POUR LES PLASTIQUES DIFFICILES \u00c0 COLLER<\/p>\n<p>Il existe sur le march\u00e9 de nombreux types de plastiques difficiles \u00e0 coller. Cela est d\u00fb \u00e0 la couche de cire de ces plastiques. Ceux-ci incluent, par exemple, le PE ou le PP (est largement utilis\u00e9 dans les jouets pour enfants, les contenants pour aliments, etc.) Si vous souhaitez coller ces plastiques, utilisez-les avec le HG-Primer.<\/p>\n<ul>\n<li>surfaces sur rail et appliquer l&rsquo;appr\u00eat<\/li>\n<\/ul>\n<p>Pour permettre au liquide provenant de l\u2019appr\u00eat de p\u00e9n\u00e9trer profond\u00e9ment, il est important de rendre la surface rugueuse \u00e0 coller. Une fine couche d\u2019appr\u00eat est ensuite appliqu\u00e9e directement sur le site de fracture \u00e0 l\u2019aide du pinceau. Le liquide modifie alors chimiquement la structure de la surface.<\/p>\n<p>Apr\u00e8s quelques secondes, l\u2019amorce HG a termin\u00e9 son travail et s\u2019est \u00e9vapor\u00e9e. Le processus de collage peut maintenant \u00eatre effectu\u00e9 comme d\u2019habitude. Il faut toutefois prendre en compte qu\u2019apr\u00e8s l\u2019utilisation de l\u2019appr\u00eat, la r\u00e9sistance finale r\u00e9elle de la liaison ne sera atteinte qu\u2019au bout de 24 heures.<\/p>\n<p>3. SAUPOUDRER LE GRANULAT<\/p>\n<p>Les pi\u00e8ces \u00e0 coller sont ensuite assembl\u00e9es exactement au point de rupture et une fine couche de granulat est appliqu\u00e9e. La hauteur de la poudre ne doit pas d\u00e9passer 2 mm. Aucune r\u00e9action chimique n&rsquo;a lieu avant l&rsquo;ajout de la colle industrielle.<\/p>\n<p>4. APPLIQUER L&rsquo;ADH\u00c9SIF INDUSTRIEL<\/p>\n<p>Maintenant, la colle industrielle HG-Extreme 1.0 de la deuxi\u00e8me bouteille est soigneusement d\u00e9pos\u00e9e sur le granulat jusqu&rsquo;\u00e0 ce que tous les granul\u00e9s soient satur\u00e9s de colle. D\u00e8s que les deux composants entrent en contact, une r\u00e9action chimique se produit et de la chaleur est g\u00e9n\u00e9r\u00e9e. Nous recommandons toujours de souder les deux c\u00f4t\u00e9s de la fracture pour une durabilit\u00e9 maximale. Plus le processus de collage est r\u00e9p\u00e9t\u00e9 souvent, plus la connexion devient stable.<\/p>\n<p>5. CONNEXION DUR\u00c9E<\/p>\n<p>\u201cLasnaad uit de fles\u201d (la soudure de la bouteille) atteint son pouvoir adh\u00e9sif maximum apr\u00e8s seulement quelques secondes. Lorsque la r\u00e9action chimique est termin\u00e9e, le joint peut \u00eatre imm\u00e9diatement broy\u00e9, perc\u00e9 ou teint. La r\u00e9sistance finale de la fracture peut varier en fonction du mat\u00e9riau.<\/p>\n<p>Pour les instructions d&rsquo;utilisation de HG-Primer l\u2019appr\u00eat et de HG-Cleaner, veuillez vous reporter aux produits correspondants.<\/p>\n","protected":false},"excerpt":{"rendered":"<p><strong>Num\u00e9ro d\u2019article: 302050<\/strong><\/p>\n<p>Contenu: 1 x colle industrielle 20 g, 1 x granulat 40 g, 1 x HG-Primer (l\u2019apr\u00eat), 1 x HG-Cleaner<\/p>\n<p><strong>Collage de mati\u00e8res plastiques probl\u00e9matiques<\/strong><\/p>\n<p>Les plastiques \u00e0 base d&rsquo;huile tels que le poly\u00e9thyl\u00e8ne, le polypropyl\u00e8ne, le silicone ou le t\u00e9flon sont extr\u00eamement difficiles \u00e0 coller. Si ces mat\u00e9riaux sont coll\u00e9s sans le pr\u00e9traitement de l&rsquo;appr\u00eat, une faible adh\u00e9sion est obtenue, mais aucun collage correct n&rsquo;est obtenu. Le primaire de cet ensemble permet de coller des plastiques difficiles \u00e0 coller.<\/p>\n<p>Voici comment fonctionne notre adh\u00e9sif.<\/p>\n<p>En tant qu&rsquo;adh\u00e9sif, le HG-Primer \u00e9tablit une liaison chimique entre deux substances non miscibles. Cela rend la pause plus appropri\u00e9e pour un collage permanent. La substance am\u00e9liore consid\u00e9rablement les propri\u00e9t\u00e9s d&rsquo;adh\u00e9rence des surfaces et facilite leur humidification.<\/p>\n<p>&nbsp;<\/p>\n<p>[av_font_icon icon='ue812' font='entypo-fontello' style='' caption='' link='' linktarget='' size='24px' position='left' color='#e30613' av_uid='av-8ujr' admin_preview_bg=''][\/av_font_icon] Appartient \u00e0 chaque bus de l&rsquo;entreprise<\/p>\n<p>[av_font_icon icon='ue812' font='entypo-fontello' style='' caption='' link='' linktarget='' size='24px' position='left' color='#e30613' av_uid='av-8ujr' admin_preview_bg=''][\/av_font_icon] Un bricoleur ne peut se passer de<\/p>\n<p>[av_font_icon icon='ue812' font='entypo-fontello' style='' caption='' link='' linktarget='' size='24px' position='left' color='#e30613' av_uid='av-8ujr' admin_preview_bg=''][\/av_font_icon] Soudage sans poste \u00e0 souder<\/p>\n<p>[av_font_icon icon='ue812' font='entypo-fontello' style='' caption='' link='' linktarget='' size='24px' position='left' color='#e30613' av_uid='av-8ujr' admin_preview_bg=''][\/av_font_icon] Utilisable apr\u00e8s ouverture pendant 2 ans<\/p>\n","protected":false},"featured_media":2689,"template":"","meta":{"_monsterinsights_skip_tracking":false,"_monsterinsights_sitenote_active":false,"_monsterinsights_sitenote_note":"","_monsterinsights_sitenote_category":0},"product_brand":[],"product_cat":[39],"product_tag":[],"class_list":{"0":"post-1562","1":"product","2":"type-product","3":"status-publish","4":"has-post-thumbnail","6":"product_cat-algemeen-fr","8":"first","9":"instock","10":"taxable","11":"shipping-taxable","12":"purchasable","13":"product-type-simple"},"_links":{"self":[{"href":"https:\/\/www.hgpowerglue.nl\/fr\/wp-json\/wp\/v2\/product\/1562","targetHints":{"allow":["GET"]}}],"collection":[{"href":"https:\/\/www.hgpowerglue.nl\/fr\/wp-json\/wp\/v2\/product"}],"about":[{"href":"https:\/\/www.hgpowerglue.nl\/fr\/wp-json\/wp\/v2\/types\/product"}],"wp:featuredmedia":[{"embeddable":true,"href":"https:\/\/www.hgpowerglue.nl\/fr\/wp-json\/wp\/v2\/media\/2689"}],"wp:attachment":[{"href":"https:\/\/www.hgpowerglue.nl\/fr\/wp-json\/wp\/v2\/media?parent=1562"}],"wp:term":[{"taxonomy":"product_brand","embeddable":true,"href":"https:\/\/www.hgpowerglue.nl\/fr\/wp-json\/wp\/v2\/product_brand?post=1562"},{"taxonomy":"product_cat","embeddable":true,"href":"https:\/\/www.hgpowerglue.nl\/fr\/wp-json\/wp\/v2\/product_cat?post=1562"},{"taxonomy":"product_tag","embeddable":true,"href":"https:\/\/www.hgpowerglue.nl\/fr\/wp-json\/wp\/v2\/product_tag?post=1562"}],"curies":[{"name":"wp","href":"https:\/\/api.w.org\/{rel}","templated":true}]}}