{"id":1566,"date":"2018-10-04T11:37:10","date_gmt":"2018-10-04T09:37:10","guid":{"rendered":"http:\/\/www.hgpowerglue.nl\/product\/hg-powerglue-luxe-pack\/"},"modified":"2019-08-27T10:44:23","modified_gmt":"2019-08-27T08:44:23","slug":"hg-powerglue-luxe-pack","status":"publish","type":"product","link":"https:\/\/www.hgpowerglue.nl\/fr\/produit\/hg-powerglue-luxe-pack\/","title":{"rendered":"SOUDURE DE LA BOUTEILLE SET DE REPARATION PLASTIQUE"},"content":{"rendered":"<p>Contenu: 1 x colle industrielle 20g, 1 x granulat 40g, 1 x HG Primer (l\u2019apr\u00eat)<\/p>\n<h4>MODE D&rsquo;EMPLOI POUR LE KIT DE REPARATION DE COLLE<\/h4>\n<p>1. NETTOYAGE DES SURFACES<\/p>\n<p>La \u201cLasnaad uit de fles\u201d (soudure de la bouteille) ne peut d\u00e9velopper sa pleine force de colle que si les pi\u00e8ces \u00e0 r\u00e9parer sont pr\u00e9par\u00e9es en cons\u00e9quence. Id\u00e9alement, la surface devrait \u00eatre rendue rugueuse avec du papier sabl\u00e9 ou une brosse m\u00e9tallique et toutes les salet\u00e9s nettoy\u00e9es. Il ne doit pas y avoir de r\u00e9sidus de poussi\u00e8re, de rouille, de graisse ou de colle et les surfaces de la colle doivent \u00eatre compl\u00e8tement s\u00e8ches. Ce n&rsquo;est qu&rsquo;alors que des valeurs d&rsquo;adh\u00e9rence \u00e9lev\u00e9es peuvent \u00eatre atteintes.<\/p>\n<p>2. SAUPOUDRER LE GRANULAT<\/p>\n<p>Les pi\u00e8ces \u00e0 coller sont ensuite assembl\u00e9es exactement au point de rupture et une fine couche de granulat est appliqu\u00e9e. La hauteur de la poudre ne doit pas d\u00e9passer 2 mm. Aucune r\u00e9action chimique n&rsquo;a lieu avant l&rsquo;ajout de la colle industrielle.<\/p>\n<p>3. APPLIQUER L&rsquo;ADH\u00c9SIF INDUSTRIEL<\/p>\n<p>Maintenant, la colle industrielle HG-Extreme 1.0 de la deuxi\u00e8me bouteille est soigneusement d\u00e9pos\u00e9e sur le granulat jusqu&rsquo;\u00e0 ce que tous les granul\u00e9s soient satur\u00e9s de colle. D\u00e8s que les deux composants entrent en contact, une r\u00e9action chimique se produit et de la chaleur est g\u00e9n\u00e9r\u00e9e. Nous recommandons toujours de souder les deux c\u00f4t\u00e9s de la fracture pour une durabilit\u00e9 maximale. Plus le processus de collage est r\u00e9p\u00e9t\u00e9 souvent, plus la connexion devient stable.<\/p>\n<p>4. CONNEXION DUR\u00c9E<\/p>\n<p>\u201cLasnaad uit de fles\u201d (la soudure de la bouteille) atteint son pouvoir adh\u00e9sif maximum apr\u00e8s seulement quelques secondes. Lorsque la r\u00e9action chimique est termin\u00e9e, le joint peut \u00eatre imm\u00e9diatement broy\u00e9, perc\u00e9 ou teint. La r\u00e9sistance finale de la fracture peut varier en fonction du mat\u00e9riau.<\/p>\n<p>Pour les instructions d&rsquo;utilasation de HG-Primer, veuillez vour reporter au produit correspondant.<\/p>\n<p>&nbsp;<\/p>\n","protected":false},"excerpt":{"rendered":"<p><strong>Num\u00e9ro d\u2019article: 302045<\/strong><\/p>\n<p><strong>Collage de mati\u00e8res plastiques probl\u00e9matiques<\/strong><\/p>\n<p>Les plastiques \u00e0 base d&rsquo;huile tels que le poly\u00e9thyl\u00e8ne, le polypropyl\u00e8ne, le silicone ou le t\u00e9flon sont extr\u00eamement difficiles \u00e0 coller. Si ces mat\u00e9riaux sont coll\u00e9s sans le pr\u00e9traitement de l&rsquo;appr\u00eat, une faible adh\u00e9sion est obtenue, mais aucun collage correct n&rsquo;est obtenu. Le primaire de cet ensemble permet de coller des plastiques difficiles \u00e0 coller.<\/p>\n<p>Voici comment fonctionne notre adh\u00e9sif<\/p>\n<p>En tant qu&rsquo;adh\u00e9sif, le HG-Primer \u00e9tablit une liaison chimique entre deux substances non miscibles. Cela rend la pause plus appropri\u00e9e pour un collage permanent. La substance am\u00e9liore consid\u00e9rablement les propri\u00e9t\u00e9s d&rsquo;adh\u00e9rence des surfaces et facilite leur humidification.<\/p>\n<p>[av_font_icon icon='ue812' font='entypo-fontello' style='' caption='' link='' linktarget='' size='24px' position='left' color='#e30613' av_uid='av-8ujr' admin_preview_bg=''][\/av_font_icon] Appartient \u00e0 chaque bus de l&rsquo;entreprise<\/p>\n<p>[av_font_icon icon='ue812' font='entypo-fontello' style='' caption='' link='' linktarget='' size='24px' position='left' color='#e30613' av_uid='av-8ujr' admin_preview_bg=''][\/av_font_icon] Un bricoleur ne peut se passer de<\/p>\n<p>[av_font_icon icon='ue812' font='entypo-fontello' style='' caption='' link='' linktarget='' size='24px' position='left' color='#e30613' av_uid='av-8ujr' admin_preview_bg=''][\/av_font_icon] Soudage sans poste \u00e0 soudert<\/p>\n<p>[av_font_icon icon='ue812' font='entypo-fontello' style='' caption='' link='' linktarget='' size='24px' position='left' color='#e30613' av_uid='av-8ujr' admin_preview_bg=''][\/av_font_icon] Utilisable apr\u00e8s ouverture pendant 2 ans<\/p>\n","protected":false},"featured_media":2697,"template":"","meta":{"_monsterinsights_skip_tracking":false,"_monsterinsights_sitenote_active":false,"_monsterinsights_sitenote_note":"","_monsterinsights_sitenote_category":0},"product_brand":[],"product_cat":[39],"product_tag":[],"class_list":{"0":"post-1566","1":"product","2":"type-product","3":"status-publish","4":"has-post-thumbnail","6":"product_cat-algemeen-fr","8":"first","9":"instock","10":"taxable","11":"shipping-taxable","12":"purchasable","13":"product-type-simple"},"_links":{"self":[{"href":"https:\/\/www.hgpowerglue.nl\/fr\/wp-json\/wp\/v2\/product\/1566","targetHints":{"allow":["GET"]}}],"collection":[{"href":"https:\/\/www.hgpowerglue.nl\/fr\/wp-json\/wp\/v2\/product"}],"about":[{"href":"https:\/\/www.hgpowerglue.nl\/fr\/wp-json\/wp\/v2\/types\/product"}],"wp:featuredmedia":[{"embeddable":true,"href":"https:\/\/www.hgpowerglue.nl\/fr\/wp-json\/wp\/v2\/media\/2697"}],"wp:attachment":[{"href":"https:\/\/www.hgpowerglue.nl\/fr\/wp-json\/wp\/v2\/media?parent=1566"}],"wp:term":[{"taxonomy":"product_brand","embeddable":true,"href":"https:\/\/www.hgpowerglue.nl\/fr\/wp-json\/wp\/v2\/product_brand?post=1566"},{"taxonomy":"product_cat","embeddable":true,"href":"https:\/\/www.hgpowerglue.nl\/fr\/wp-json\/wp\/v2\/product_cat?post=1566"},{"taxonomy":"product_tag","embeddable":true,"href":"https:\/\/www.hgpowerglue.nl\/fr\/wp-json\/wp\/v2\/product_tag?post=1566"}],"curies":[{"name":"wp","href":"https:\/\/api.w.org\/{rel}","templated":true}]}}